{"id":20160,"date":"2025-01-01T06:24:39","date_gmt":"2025-01-01T06:24:39","guid":{"rendered":"https:\/\/streetpower-rekond.se\/newsite\/product\/ultracoat-tar-glue-remover-500-ml\/"},"modified":"2025-04-01T09:45:14","modified_gmt":"2025-04-01T09:45:14","slug":"ultracoat-tar-glue-remover-500-ml","status":"publish","type":"product","link":"https:\/\/streetpower-rekond.se\/newsite\/en\/product\/ultracoat-tar-glue-remover-500-ml\/","title":{"rendered":"Ultracoat Tar &amp; Glue Remover 500 ml"},"content":{"rendered":"<p>Anv\u00e4nd alltid skyddskl\u00e4der och nitrilhandskar.<\/p>\n<p>Testa alltid produkten p\u00e5 den lilla, inte synliga platsen.<\/p>\n<p>Produkten fungerar b\u00e4st n\u00e4r den appliceras p\u00e5 en torr yta.<\/p>\n<p>Undvik att torka produkten p\u00e5 reng\u00f6ringsytan.<\/p>\n<p>Applicera produkten fr\u00e5n botten till toppen.<\/p>\n<p>L\u00e4mna produkten verka i 1-2 minuter.<\/p>\n<p>Sk\u00f6lj produkten med en h\u00f6gtryckstv\u00e4tt och tv\u00e4tta ytan med Shampoo+.<\/p>\n<p>Upprepa vid behov 1-3 steg<\/p>\n<p><img decoding=\"async\" src=\"https:\/\/streetpower-rekond.se\/newsite\/img\/cms\/Faro%20Symboler\/exclam.gif\" alt=\"\" width=\"90\" height=\"90\" title=\"\"><img decoding=\"async\" src=\"https:\/\/streetpower-rekond.se\/newsite\/img\/cms\/Faro%20Symboler\/silhouete.gif\" alt=\"\" width=\"90\" height=\"90\" title=\"\"><\/p>\n<p>Farligt \u00e4mne<\/p>\n<p>Kolv\u00e4ten, C10-C13, n-alkaner, isoalkaner, &lt;2% aromater (EG: 940-726-3)<\/p>\n<p>2-butoxietanol<\/p>\n<p>(Index: 603-014-00-0; CAS: 111-76-2) (R)-p-menta-1,8-dien<\/p>\n<p>(Index: 601-029-00-7; CAS: 5989-27-5)<\/p>\n<p>Varningstexter<\/p>\n<p>H304 Kan vara d\u00f6dligt vid f\u00f6rt\u00e4ring om det kommer ner i luftv\u00e4garna. H315 Irriterar huden.<\/p>\n<p>H317 Kan orsaka allergisk hudreaktion.<\/p>\n<p>H319 Orsakar allvarlig \u00f6gonirritation.<\/p>\n<p>H412 Skadliga l\u00e5ngtidseffekter f\u00f6r vattenlevande organismer.<\/p>\n<p>S\u00e4kerhetsangivelser<\/p>\n<p>P102 F\u00f6rvaras o\u00e5tkomligt f\u00f6r barn.<\/p>\n<p>P210 F\u00e5r inte uts\u00e4ttas f\u00f6r v\u00e4rme, heta ytor, gnistor, \u00f6ppen l\u00e5ga eller andra<\/p>\n<p>ant\u00e4ndningsk\u00e4llor. R\u00f6kning f\u00f6rbjuden.<\/p>\n<p>P251 F\u00e5r inte punkteras eller br\u00e4nnas, g\u00e4ller \u00e4ven t\u00f6md beh\u00e5llare.<\/p>\n<p>P301+P310 VID F\u00d6RT\u00c4RING: Kontakta genast l\u00e4kare.<\/p>\n<p>P331 Framkalla INTE kr\u00e4kning.<\/p>\n<p>P410+P412 Skyddas fr\u00e5n solljus. F\u00e5r inte uts\u00e4ttas f\u00f6r temperaturer \u00f6ver 50 \u00b0C.<\/p>\n<p>P501 Inneh\u00e5llet\/beh\u00e5llaren l\u00e4mnas till genom att \u00f6verl\u00e4mna produkten till en person som<\/p>\n<p>har tillst\u00e5nd att bortskaffa avfall eller genom att returnera den till leverant\u00f6ren.<\/p>\n<p>Kompletterande information<\/p>\n<p>EUH066 Upprepad kontakt kan ge torr hud eller hudsprickor.<\/p>","protected":false},"excerpt":{"rendered":"<p>Produkt designad f\u00f6r speciella uppgifter, n\u00f6dv\u00e4ndig vid reng\u00f6ring av bilar innan polering av lacken eller under keramiska behandlingar. Den avdunstar l\u00e5ngsamt och s\u00e4kerst\u00e4ller l\u00e5ngvarig uppl\u00f6sning av smuts som lim eller tj\u00e4ra. \u00c4ven om det har mycket starka reng\u00f6ringsegenskaper, \u00e4r det s\u00e4kert inte bara f\u00f6r bel\u00e4ggningar, f\u00e4rg eller hjul utan \u00e4ven f\u00f6r plast. Tar &amp; Lim Remover kommer att hitta sin till\u00e4mpning hos professionella bilrekondare och i garagen hos alla bilentusiaster.<\/p>\n<p>Snabb smutsuppl\u00f6sning<\/p>\n<p>L\u00e5ng arbetstid &#8211; avdunstar l\u00e5ngsamt<\/p>\n<p>S\u00e4ker f\u00f6r plast<\/p>","protected":false},"featured_media":21627,"comment_status":"open","ping_status":"closed","template":"","meta":[],"etheme_brands":[{"term_id":410,"name":"Ultracoat","slug":"ultracoat","term_group":0,"term_taxonomy_id":410,"taxonomy":"brand","description":"","parent":0,"count":79,"filter":"raw"}],"product_brand":[380,384],"product_cat":[280,251],"product_tag":[],"class_list":{"0":"post-20160","1":"product","2":"type-product","3":"status-publish","4":"has-post-thumbnail","6":"brand-ultracoat","7":"product_brand-spr-kit","8":"product_brand-ultracoat","9":"product_cat-kallavfettning","10":"product_cat-tjarlosare","12":"first","13":"instock","14":"sale","15":"taxable","16":"shipping-taxable","17":"purchasable","18":"product-type-simple"},"_links":{"self":[{"href":"https:\/\/streetpower-rekond.se\/newsite\/en\/wp-json\/wp\/v2\/product\/20160","targetHints":{"allow":["GET"]}}],"collection":[{"href":"https:\/\/streetpower-rekond.se\/newsite\/en\/wp-json\/wp\/v2\/product"}],"about":[{"href":"https:\/\/streetpower-rekond.se\/newsite\/en\/wp-json\/wp\/v2\/types\/product"}],"replies":[{"embeddable":true,"href":"https:\/\/streetpower-rekond.se\/newsite\/en\/wp-json\/wp\/v2\/comments?post=20160"}],"version-history":[{"count":2,"href":"https:\/\/streetpower-rekond.se\/newsite\/en\/wp-json\/wp\/v2\/product\/20160\/revisions"}],"predecessor-version":[{"id":23008,"href":"https:\/\/streetpower-rekond.se\/newsite\/en\/wp-json\/wp\/v2\/product\/20160\/revisions\/23008"}],"wp:featuredmedia":[{"embeddable":true,"href":"https:\/\/streetpower-rekond.se\/newsite\/en\/wp-json\/wp\/v2\/media\/21627"}],"wp:attachment":[{"href":"https:\/\/streetpower-rekond.se\/newsite\/en\/wp-json\/wp\/v2\/media?parent=20160"}],"wp:term":[{"taxonomy":"brand","embeddable":true,"href":"https:\/\/streetpower-rekond.se\/newsite\/en\/wp-json\/wp\/v2\/etheme_brands?post=20160"},{"taxonomy":"product_brand","embeddable":true,"href":"https:\/\/streetpower-rekond.se\/newsite\/en\/wp-json\/wp\/v2\/product_brand?post=20160"},{"taxonomy":"product_cat","embeddable":true,"href":"https:\/\/streetpower-rekond.se\/newsite\/en\/wp-json\/wp\/v2\/product_cat?post=20160"},{"taxonomy":"product_tag","embeddable":true,"href":"https:\/\/streetpower-rekond.se\/newsite\/en\/wp-json\/wp\/v2\/product_tag?post=20160"}],"curies":[{"name":"wp","href":"https:\/\/api.w.org\/{rel}","templated":true}]}}