{"id":20158,"date":"2025-01-01T06:24:33","date_gmt":"2025-01-01T06:24:33","guid":{"rendered":"https:\/\/streetpower-rekond.se\/newsite\/product\/ultracoat-apc-500-ml\/"},"modified":"2025-04-21T17:50:55","modified_gmt":"2025-04-21T17:50:55","slug":"ultracoat-apc-500-ml","status":"publish","type":"product","link":"https:\/\/streetpower-rekond.se\/newsite\/en\/product\/ultracoat-apc-500-ml\/","title":{"rendered":"Ultracoat APC+ 500 ml"},"content":{"rendered":"<p>L\u00f6ser effektivt upp smuts och separerar den fr\u00e5n ytan, vilket g\u00f6r reng\u00f6ringen snabb och enkel. APC+ \u00e4r mycket effektivt och s\u00e4kert f\u00f6r den behandlade ytan. Arbetet g\u00f6rs \u00e4nnu trevligare av en fin, fruktig doft.<\/p>\n<p>H\u00f6gkoncentrerad &#8211; stor effektivitet<\/p>\n<p>Multi anv\u00e4ndning<\/p>\n<p>V\u00e4ldigt effektiv<\/p>\n<p>Bered blandningsf\u00f6rh\u00e5llande beroende p\u00e5 typen av smuts.<\/p>\n<p>Applicera produkten p\u00e5 reng\u00f6ringsytan och bearbeta med borste, svamp eller en mikrofiberduk.<\/p>\n<p>Ta bort smuts och rester av produkten med en ren trasa eller sk\u00f6lj den med vatten.<\/p>\n<p>Upprepa vid behov 1-3 steg<\/p>\n<p>1:4 f\u00f6r mycket kraftig smuts<\/p>\n<p>1:40 f\u00f6r l\u00e4tt smuts<\/p>\n<p>Anv\u00e4nd alltid skyddskl\u00e4der och handskar. Testa produkten p\u00e5 ett litet, osynligt element. Arbeta p\u00e5 en sval yta fr\u00e5n direkt solljus. F\u00f6rvaras vid en temperatur p\u00e5 5 till 25 grader fr\u00e5n direkt solljus<\/p>\n<p><img decoding=\"async\" src=\"https:\/\/streetpower-rekond.se\/newsite\/img\/cms\/Faro%20Symboler\/acid_red.gif\" alt=\"\" width=\"90\" height=\"90\" title=\"\"><\/p>\n<p>Varningstexter<\/p>\n<p>H314 Orsakar allvarliga fr\u00e4tskador p\u00e5 hud och \u00f6gon.<\/p>\n<p>S\u00e4kerhetsangivelser<\/p>\n<p>P101 Ha f\u00f6rpackningen eller etiketten till hands om du m\u00e5ste s\u00f6ka l\u00e4karv\u00e5rd.<\/p>\n<p>P102 F\u00f6rvaras o\u00e5tkomligt f\u00f6r barn.<\/p>\n<p>P280 Anv\u00e4nd \u00f6gonskydd.<\/p>\n<p>P301+P330+P331 VID F\u00d6RT\u00c4RING: Sk\u00f6lj munnen. Framkalla INTE kr\u00e4kning.<\/p>\n<p>P303+P361+P353 VID HUDKONTAKT (\u00e4ven h\u00e5ret): Ta omedelbart av alla nedst\u00e4nkta kl\u00e4der. Sk\u00f6lj huden med vatten eller duscha.<\/p>\n<p>P305+P351+P338 VID KONTAKT MED \u00d6GONEN: Sk\u00f6lj f\u00f6rsiktigt med vatten i flera minuter. Ta ur eventuella kontaktlinser om det g\u00e5r l\u00e4tt. Forts\u00e4tt att sk\u00f6lja.<\/p>\n<p>P310 Kontakta genast l\u00e4kare.<\/p>\n<p>P501Inneh\u00e5llet\/beh\u00e5llaren l\u00e4mnas till enligt g\u00e4llande f\u00f6rordningar.<\/p>","protected":false},"excerpt":{"rendered":"<p>APC+ \u00e4r en reng\u00f6ringsprodukt med flera ytor med h\u00f6g koncentration. Beroende p\u00e5 vald koncentration fungerar den bra f\u00f6r reng\u00f6ring av externa och interna fordonskomponenter.<\/p>","protected":false},"featured_media":20159,"comment_status":"open","ping_status":"closed","template":"","meta":[],"etheme_brands":[{"term_id":410,"name":"Ultracoat","slug":"ultracoat","term_group":0,"term_taxonomy_id":410,"taxonomy":"brand","description":"","parent":0,"count":79,"filter":"raw"}],"product_brand":[384],"product_cat":[250],"product_tag":[],"class_list":{"0":"post-20158","1":"product","2":"type-product","3":"status-publish","4":"has-post-thumbnail","6":"brand-ultracoat","7":"product_brand-ultracoat","8":"product_cat-apc","10":"first","11":"instock","12":"sale","13":"taxable","14":"shipping-taxable","15":"purchasable","16":"product-type-simple"},"_links":{"self":[{"href":"https:\/\/streetpower-rekond.se\/newsite\/en\/wp-json\/wp\/v2\/product\/20158","targetHints":{"allow":["GET"]}}],"collection":[{"href":"https:\/\/streetpower-rekond.se\/newsite\/en\/wp-json\/wp\/v2\/product"}],"about":[{"href":"https:\/\/streetpower-rekond.se\/newsite\/en\/wp-json\/wp\/v2\/types\/product"}],"replies":[{"embeddable":true,"href":"https:\/\/streetpower-rekond.se\/newsite\/en\/wp-json\/wp\/v2\/comments?post=20158"}],"version-history":[{"count":1,"href":"https:\/\/streetpower-rekond.se\/newsite\/en\/wp-json\/wp\/v2\/product\/20158\/revisions"}],"predecessor-version":[{"id":23072,"href":"https:\/\/streetpower-rekond.se\/newsite\/en\/wp-json\/wp\/v2\/product\/20158\/revisions\/23072"}],"wp:featuredmedia":[{"embeddable":true,"href":"https:\/\/streetpower-rekond.se\/newsite\/en\/wp-json\/wp\/v2\/media\/20159"}],"wp:attachment":[{"href":"https:\/\/streetpower-rekond.se\/newsite\/en\/wp-json\/wp\/v2\/media?parent=20158"}],"wp:term":[{"taxonomy":"brand","embeddable":true,"href":"https:\/\/streetpower-rekond.se\/newsite\/en\/wp-json\/wp\/v2\/etheme_brands?post=20158"},{"taxonomy":"product_brand","embeddable":true,"href":"https:\/\/streetpower-rekond.se\/newsite\/en\/wp-json\/wp\/v2\/product_brand?post=20158"},{"taxonomy":"product_cat","embeddable":true,"href":"https:\/\/streetpower-rekond.se\/newsite\/en\/wp-json\/wp\/v2\/product_cat?post=20158"},{"taxonomy":"product_tag","embeddable":true,"href":"https:\/\/streetpower-rekond.se\/newsite\/en\/wp-json\/wp\/v2\/product_tag?post=20158"}],"curies":[{"name":"wp","href":"https:\/\/api.w.org\/{rel}","templated":true}]}}