{"id":20145,"date":"2025-01-01T06:14:55","date_gmt":"2025-01-01T06:14:55","guid":{"rendered":"https:\/\/streetpower-rekond.se\/newsite\/product\/ultracoat-glass-cleaner-500-ml\/"},"modified":"2025-04-22T09:01:57","modified_gmt":"2025-04-22T09:01:57","slug":"ultracoat-glass-cleaner-500-ml","status":"publish","type":"product","link":"https:\/\/streetpower-rekond.se\/newsite\/en\/product\/ultracoat-glass-cleaner-500-ml\/","title":{"rendered":"Ultracoat Glass Cleaner 500 ml"},"content":{"rendered":"<p>Anv\u00e4nd alltid nitrilhandskar.<\/p>\n<p>1. Spraya produkten p\u00e5 mikrofiberduken eller p\u00e5 reng\u00f6ringsytan.<\/p>\n<p>2. Sprid ut produkten.<\/p>\n<p>3. Torka av ytan med hj\u00e4lp av den rena sidan av duken.<\/p>\n<p>4. Upprepa vid behov 1-3 steg.<\/p>\n<p><img decoding=\"async\" src=\"https:\/\/streetpower-rekond.se\/newsite\/img\/cms\/Faro%20Symboler\/flamme.gif\" alt=\"\" width=\"90\" height=\"90\" title=\"\"><img decoding=\"async\" src=\"https:\/\/streetpower-rekond.se\/newsite\/img\/cms\/Faro%20Symboler\/exclam.gif\" alt=\"\" width=\"90\" height=\"90\" title=\"\"><\/p>\n<p>H\u00e4lso- och milj\u00f6farliga \u00e4mnen<\/p>\n<p>isopropanol<\/p>\n<p>Varningstexter<\/p>\n<p>H226 Brandfarlig v\u00e4tska och \u00e5nga.<\/p>\n<p>H319 Orsakar allvarlig \u00f6gonirritation.<\/p>\n<p>S\u00e4kerhetsangivelser<\/p>\n<p>P101 Ha f\u00f6rpackningen eller etiketten till hands om du m\u00e5ste s\u00f6ka l\u00e4karv\u00e5rd.<\/p>\n<p>P102 F\u00f6rvaras o\u00e5tkomligt f\u00f6r barn.<\/p>\n<p>P210 F\u00e5r inte uts\u00e4ttas f\u00f6r v\u00e4rme, heta ytor, gnistor, \u00f6ppen l\u00e5ga eller andra ant\u00e4ndningsk\u00e4llor. R\u00f6kning f\u00f6rbjuden.<\/p>\n<p>P305+P351+P338 VID KONTAKT MED \u00d6GONEN: Sk\u00f6lj f\u00f6rsiktigt med vatten i flera minuter. Ta ur eventuella kontaktlinser om det g\u00e5r l\u00e4tt. Forts\u00e4tt att sk\u00f6lja.<\/p>\n<p>P501Inneh\u00e5llet\/beh\u00e5llaren l\u00e4mnas till enligt g\u00e4llande f\u00f6rordningar.<\/p>","protected":false},"excerpt":{"rendered":"<p>Extremt effektiv, hyllad av proffsrekondare f\u00f6r alla glasytor. Glass Cleaner l\u00e4mnar inga r\u00e4nder vid reng\u00f6ring av f\u00f6nster vilket g\u00f6r den mycket bekv\u00e4m och s\u00e4ker att anv\u00e4nda.<\/p>\n<p>Den inneh\u00e5ller h\u00f6g alkoholhalt vilket g\u00f6r att det avdunstar riktigt snabbt utan att l\u00e4mna n\u00e5gra sp\u00e5r. Avfettar mycket bra.<\/p>\n<p>Perfekt att anv\u00e4nda f\u00f6re applicering av hydrofoba bel\u00e4ggningar.<\/p>\n<p>Snabb avdunstning<\/p>\n<p>Starka avfettningsegenskaper<\/p>\n<p>Inga r\u00e4nder p\u00e5 glaset!<\/p>","protected":false},"featured_media":20146,"comment_status":"open","ping_status":"closed","template":"","meta":[],"etheme_brands":[{"term_id":410,"name":"Ultracoat","slug":"ultracoat","term_group":0,"term_taxonomy_id":410,"taxonomy":"brand","description":"","parent":0,"count":79,"filter":"raw"}],"product_brand":[384],"product_cat":[231],"product_tag":[],"class_list":{"0":"post-20145","1":"product","2":"type-product","3":"status-publish","4":"has-post-thumbnail","6":"brand-ultracoat","7":"product_brand-ultracoat","8":"product_cat-glasrengoering","10":"first","11":"instock","12":"sale","13":"taxable","14":"shipping-taxable","15":"purchasable","16":"product-type-simple"},"_links":{"self":[{"href":"https:\/\/streetpower-rekond.se\/newsite\/en\/wp-json\/wp\/v2\/product\/20145","targetHints":{"allow":["GET"]}}],"collection":[{"href":"https:\/\/streetpower-rekond.se\/newsite\/en\/wp-json\/wp\/v2\/product"}],"about":[{"href":"https:\/\/streetpower-rekond.se\/newsite\/en\/wp-json\/wp\/v2\/types\/product"}],"replies":[{"embeddable":true,"href":"https:\/\/streetpower-rekond.se\/newsite\/en\/wp-json\/wp\/v2\/comments?post=20145"}],"version-history":[{"count":1,"href":"https:\/\/streetpower-rekond.se\/newsite\/en\/wp-json\/wp\/v2\/product\/20145\/revisions"}],"predecessor-version":[{"id":23076,"href":"https:\/\/streetpower-rekond.se\/newsite\/en\/wp-json\/wp\/v2\/product\/20145\/revisions\/23076"}],"wp:featuredmedia":[{"embeddable":true,"href":"https:\/\/streetpower-rekond.se\/newsite\/en\/wp-json\/wp\/v2\/media\/20146"}],"wp:attachment":[{"href":"https:\/\/streetpower-rekond.se\/newsite\/en\/wp-json\/wp\/v2\/media?parent=20145"}],"wp:term":[{"taxonomy":"brand","embeddable":true,"href":"https:\/\/streetpower-rekond.se\/newsite\/en\/wp-json\/wp\/v2\/etheme_brands?post=20145"},{"taxonomy":"product_brand","embeddable":true,"href":"https:\/\/streetpower-rekond.se\/newsite\/en\/wp-json\/wp\/v2\/product_brand?post=20145"},{"taxonomy":"product_cat","embeddable":true,"href":"https:\/\/streetpower-rekond.se\/newsite\/en\/wp-json\/wp\/v2\/product_cat?post=20145"},{"taxonomy":"product_tag","embeddable":true,"href":"https:\/\/streetpower-rekond.se\/newsite\/en\/wp-json\/wp\/v2\/product_tag?post=20145"}],"curies":[{"name":"wp","href":"https:\/\/api.w.org\/{rel}","templated":true}]}}