{"id":20137,"date":"2025-01-01T06:14:27","date_gmt":"2025-01-01T06:14:27","guid":{"rendered":"https:\/\/streetpower-rekond.se\/newsite\/product\/ultracoat-metal-guard-15-ml\/"},"modified":"2025-04-01T09:45:38","modified_gmt":"2025-04-01T09:45:38","slug":"ultracoat-metal-guard-15-ml","status":"publish","type":"product","link":"https:\/\/streetpower-rekond.se\/newsite\/en\/product\/ultracoat-metal-guard-15-ml\/","title":{"rendered":"Ultracoat Metal Guard 15 ml"},"content":{"rendered":"<p>Metal Guard \u00e4r enkel och snabb att applicera och samtidigt mycket effektiv. Endast n\u00e5gra milliliter av produkten r\u00e4cker f\u00f6r att skydda en upps\u00e4ttning med 4 f\u00e4lgar. V\u00e5r stors\u00e4ljare \u00e4r en av de mest h\u00e5llbara bel\u00e4ggningarna p\u00e5 marknaden som skyddar dina f\u00e4lgar i 2 s\u00e4songer efter applicering.<\/p>\n<p>Mest h\u00e5llbara metallbehandlingen<\/p>\n<p>Snabb reng\u00f6ring utan att beh\u00f6va anv\u00e4nda stark kemikalie<\/p>\n<p>H\u00f6gglans<\/p>\n<p>1st applicator medf\u00f6ljer<\/p>\n<p>Du b\u00f6r aldrig applicera bel\u00e4ggningen utomhus och i direkt solljus.<\/p>\n<p>De perfekta appliceringsf\u00f6rh\u00e5llandena \u00e4r temperaturer i intervallet 18-22 \u00b0 C och en luftfuktighet p\u00e5 50-70%.<\/p>\n<p>Om temperaturen och luftfuktigheten \u00e4r h\u00f6gre kommer bel\u00e4ggningen att h\u00e4rda snabbare och du b\u00f6r vara redo att buffra bort \u00f6verskottet mycket snabbare.<\/p>\n<p>Anv\u00e4nd alltid en ny mikrofiberduk. Du b\u00f6r ha tillr\u00e4ckligt med dessa f\u00f6r att ofta byta under applikationen.<\/p>\n<p>Applicera i r\u00e4tt belysning.<\/p>\n<p>Applicera det andra lagret strax efter det f\u00f6rsta f\u00f6r att f\u00f6rb\u00e4ttra bel\u00e4ggningens prestanda.<\/p>\n<p>L\u00e4mna bel\u00e4ggningen i minst 24 timmar f\u00f6r att h\u00e4rda helt. Den f\u00f6rsta tv\u00e4tten ska inte g\u00f6ras f\u00f6rr\u00e4n 7 dagar efter applicering.<\/p>\n<p>Tv\u00e4tta hjulen ordentligt och sanera dem med en lera och l\u00e4mpliga kemikalier.<\/p>\n<p>Polera hjulen om de har repor, virvlar eller hologram.<\/p>\n<p>Avfetta ytan ordentligt med Ultracoat Finest Wipe eller IPA och l\u00e4mna n\u00e5gra minuter att avdunsta.<\/p>\n<p>F\u00f6rbered bel\u00e4ggningen, appliceringspucken och n\u00e5gra mikrofiberdukar.<\/p>\n<p>Fukta kanten p\u00e5 appliceringspucken med produkten.<\/p>\n<p>Applicera p\u00e5 ytan flera g\u00e5nger i en sektion. F\u00f6rs\u00f6k att sprida det s\u00e5 bra att polering inte \u00e4r n\u00f6dv\u00e4ndigt.<\/p>\n<p>Kontrollera efter 2 minuter om den flashar och ta bort \u00f6verskott med en mikrofiberduk om det beh\u00f6vs.<\/p>\n<p>L\u00e5t st\u00e5 i minst 24 timmar f\u00f6r h\u00e4rdning.<\/p>\n<p><img decoding=\"async\" src=\"https:\/\/streetpower-rekond.se\/newsite\/img\/cms\/Faro%20Symboler\/exclam.gif\" alt=\"\" width=\"90\" height=\"90\" title=\"\"><\/p>\n<p>H\u00e4lso- och milj\u00f6farliga \u00e4mnen<\/p>\n<p>Cyclosilazanes, di-Me, Mehydrogen, polymers with di-Me, Mehydrogen silazanes, reaction Products with 3- (triethoxysilyl)-1-propanamine<\/p>\n<p>Varningstexter<\/p>\n<p>H302 Skadligt vid f\u00f6rt\u00e4ring.<\/p>\n<p>H315 Irriterar huden.<\/p>\n<p>H319 Orsakar allvarlig \u00f6gonirritation.<\/p>\n<p>H413 Kan ge skadliga l\u00e5ngtidseffekter p\u00e5 vattenlevande organismer.<\/p>\n<p>S\u00e4kerhetsangivelser<\/p>\n<p>P101 Ha f\u00f6rpackningen eller etiketten till hands om du m\u00e5ste s\u00f6ka l\u00e4karv\u00e5rd.<\/p>\n<p>P102 F\u00f6rvaras o\u00e5tkomligt f\u00f6r barn.<\/p>\n<p>P264 Tv\u00e4tta h\u00e4nderna och utsatta delar av kroppen grundligt efter anv\u00e4ndning.<\/p>\n<p>P280 Anv\u00e4nd skyddshandskar.<\/p>\n<p>P337+P313 Vid best\u00e5ende \u00f6gonirritation: S\u00f6k l\u00e4karhj\u00e4lp.<\/p>\n<p>P501Inneh\u00e5llet\/beh\u00e5llaren l\u00e4mnas till genom att \u00f6verl\u00e4mna produkten till en person som har tillst\u00e5nd att bortskaffa avfall eller genom att returnera den till leverant\u00f6ren.<\/p>","protected":false},"excerpt":{"rendered":"<p>14Metal Guard \u00e4r en keramisk behandling f\u00f6r f\u00e4lgar och metallkomponenter. Tack vare sin h\u00e5llbarhet \u00e4r den perfekt f\u00f6r ytor som uts\u00e4tts f\u00f6r h\u00f6ga temperaturer, till exempel avgasr\u00f6r eller bromsok. Metal Guard skyddar effektivt mot v\u00e4gsalt, j\u00e4rndamm och andra f\u00f6roreningar. Smuts fastnar inte permanent p\u00e5 den skyddade ytan, s\u00e5 underh\u00e5llet \u00e4r snabbt, enkelt och kr\u00e4ver inte anv\u00e4ndning av starka kemikalier. Produkten garanterar en h\u00f6gglans. Du kan ocks\u00e5 anv\u00e4nda den p\u00e5 matta ytor, d\u00e4r den kommer att betona ytans satinutseende. Behandlingen ger en mycket hydrofob yta, s\u00e5 att du kan h\u00e5lla dina f\u00e4lgar rena l\u00e4ngre.<\/p>","protected":false},"featured_media":20138,"comment_status":"open","ping_status":"closed","template":"","meta":[],"etheme_brands":[{"term_id":410,"name":"Ultracoat","slug":"ultracoat","term_group":0,"term_taxonomy_id":410,"taxonomy":"brand","description":"","parent":0,"count":79,"filter":"raw"}],"product_brand":[384],"product_cat":[246],"product_tag":[],"class_list":{"0":"post-20137","1":"product","2":"type-product","3":"status-publish","4":"has-post-thumbnail","6":"brand-ultracoat","7":"product_brand-ultracoat","8":"product_cat-faelgvax-coating","10":"first","11":"instock","12":"sale","13":"taxable","14":"shipping-taxable","15":"purchasable","16":"product-type-simple"},"_links":{"self":[{"href":"https:\/\/streetpower-rekond.se\/newsite\/en\/wp-json\/wp\/v2\/product\/20137","targetHints":{"allow":["GET"]}}],"collection":[{"href":"https:\/\/streetpower-rekond.se\/newsite\/en\/wp-json\/wp\/v2\/product"}],"about":[{"href":"https:\/\/streetpower-rekond.se\/newsite\/en\/wp-json\/wp\/v2\/types\/product"}],"replies":[{"embeddable":true,"href":"https:\/\/streetpower-rekond.se\/newsite\/en\/wp-json\/wp\/v2\/comments?post=20137"}],"version-history":[{"count":1,"href":"https:\/\/streetpower-rekond.se\/newsite\/en\/wp-json\/wp\/v2\/product\/20137\/revisions"}],"predecessor-version":[{"id":23077,"href":"https:\/\/streetpower-rekond.se\/newsite\/en\/wp-json\/wp\/v2\/product\/20137\/revisions\/23077"}],"wp:featuredmedia":[{"embeddable":true,"href":"https:\/\/streetpower-rekond.se\/newsite\/en\/wp-json\/wp\/v2\/media\/20138"}],"wp:attachment":[{"href":"https:\/\/streetpower-rekond.se\/newsite\/en\/wp-json\/wp\/v2\/media?parent=20137"}],"wp:term":[{"taxonomy":"brand","embeddable":true,"href":"https:\/\/streetpower-rekond.se\/newsite\/en\/wp-json\/wp\/v2\/etheme_brands?post=20137"},{"taxonomy":"product_brand","embeddable":true,"href":"https:\/\/streetpower-rekond.se\/newsite\/en\/wp-json\/wp\/v2\/product_brand?post=20137"},{"taxonomy":"product_cat","embeddable":true,"href":"https:\/\/streetpower-rekond.se\/newsite\/en\/wp-json\/wp\/v2\/product_cat?post=20137"},{"taxonomy":"product_tag","embeddable":true,"href":"https:\/\/streetpower-rekond.se\/newsite\/en\/wp-json\/wp\/v2\/product_tag?post=20137"}],"curies":[{"name":"wp","href":"https:\/\/api.w.org\/{rel}","templated":true}]}}