{"id":20131,"date":"2025-01-01T06:14:07","date_gmt":"2025-01-01T06:14:07","guid":{"rendered":"https:\/\/streetpower-rekond.se\/newsite\/product\/ultracoat-one-30-ml\/"},"modified":"2025-04-21T06:52:20","modified_gmt":"2025-04-21T06:52:20","slug":"ultracoat-one-30-ml","status":"publish","type":"product","link":"https:\/\/streetpower-rekond.se\/newsite\/en\/product\/ultracoat-one-30-ml\/","title":{"rendered":"Ultracoat One 30 ml"},"content":{"rendered":"<p>ONE \u00e4r en produkt som \u00e4r l\u00e4mplig f\u00f6r att skydda f\u00e4rg, plast och till och med digitalsk\u00e4rmar samt f\u00e4lgar. Till\u00e4mpningen av denna produkt \u00e4r mycket enkel &#8211; en utbildad detailer behandlar hela bilpaneler p\u00e5 en g\u00e5ng. Vid anv\u00e4ndning av denna produkt kommer du att gl\u00f6mma bort eventuella problem med att polera bort \u00f6verskottet av bel\u00e4ggningen.<\/p>\n<p>H\u00e5llbarhet: upp till 3 \u00e5r eller 40.000 km k\u00f6rstr\u00e4cka<\/p>\n<p>Mycket enkel applicering<\/p>\n<p>H\u00f6g effektivitet &#8211; ca. 15 ml \/ bil!<\/p>\n<p>Multisurface &#8211; en produkt f\u00f6r f\u00e4rg och plast!<\/p>\n<p>1 st applicator medf\u00f6ljer<\/p>\n<p>Tips<\/p>\n<p>Du b\u00f6r aldrig applicera bel\u00e4ggningen utomhus och i direkt solljus.<\/p>\n<p>De perfekta appliceringsf\u00f6rh\u00e5llandena \u00e4r temperaturer i intervallet 18-22 \u00b0 C och en luftfuktighet p\u00e5 50-70%.<\/p>\n<p>Om temperaturen och luftfuktigheten \u00e4r h\u00f6gre kommer bel\u00e4ggningen att flasha snabbare och du b\u00f6r vara redo att polera bort \u00f6verskottet mycket snabbare.<\/p>\n<p>Anv\u00e4nd alltid en ny mikrofiberduk. Du b\u00f6r ha tillr\u00e4ckligt med dessa f\u00f6r att ofta byta under applikationen.<\/p>\n<p>Applicera i sm\u00e5 ytor. Vi rekommenderar att panelerna delas upp i sektioner p\u00e5 50 cm x 50 cm f\u00f6r att s\u00e4kerst\u00e4lla en s\u00e4ker och enkel applicering.<\/p>\n<p>Applicera i r\u00e4tt belysning.<\/p>\n<p>Applicera det andra lagret strax efter det f\u00f6rsta f\u00f6r att f\u00f6rb\u00e4ttra bel\u00e4ggningens prestanda.<\/p>\n<p>L\u00e4mna coatingen i minst 24 timmar f\u00f6r att h\u00e4rda helt. Den f\u00f6rsta tv\u00e4tten ska inte g\u00f6ras f\u00f6rr\u00e4n 7 dagar efter applicering.<\/p>\n<p>Ytan ska vara helt ren och sanerad.<\/p>\n<p>Gamla bel\u00e4ggningar, vaxer och andra skydd m\u00e5ste avl\u00e4gsnas f\u00f6re appliceringen.<\/p>\n<p>Ytan ska maskinpoleras om det finns repor, virvlar eller hologram.<\/p>\n<p>Ytan m\u00e5ste avfettas ordentligt av Ultracoat Wipe It! eller IPA. Vi rekommenderar en andra avfettning f\u00f6r att s\u00e4kerst\u00e4lla att ytan \u00e4r perfekt f\u00f6rberedd f\u00f6r appliceringsprocessen<\/p>\n<p>F\u00f6rbered coatingen, appliceringskuddarna och n\u00e5gra mikrofiberdukar.<\/p>\n<p>Fukta kanten p\u00e5 appliceringskudden med produkten.<\/p>\n<p>Applicera p\u00e5 ytan med cross-patch-metoden p\u00e5 50 cm x 50 cm sektioner.<\/p>\n<p>V\u00e4nta 1-2 minuter f\u00f6r tydlig flashing och polera ytan med en mjuk mikrofiberduk. L\u00e4gg till ytterligare lager upprepa processen f\u00f6r att f\u00f6rb\u00e4ttra coatingens prestanda.<\/p>\n<p>L\u00e5t verka i 24 timmar och tv\u00e4tta inte bilen inom 7 dagar efter applicering.<\/p>\n<p><img decoding=\"async\" src=\"https:\/\/streetpower-rekond.se\/newsite\/img\/cms\/Faro%20Symboler\/exclam.gif\" alt=\"\" width=\"90\" height=\"90\" title=\"\"><\/p>\n<p>H\u00e4lso- och milj\u00f6farliga \u00e4mnen<\/p>\n<p>Cyclosilazanes, di-Me, Mehydrogen, polymers with di-Me, Mehydrogen silazanes, reaction Products with 3- (triethoxysilyl)-1-propanamine<\/p>\n<p>Varningstexter<\/p>\n<p>H302 Skadligt vid f\u00f6rt\u00e4ring.<\/p>\n<p>H315 Irriterar huden.<\/p>\n<p>H319 Orsakar allvarlig \u00f6gonirritation.<\/p>\n<p>H413 Kan ge skadliga l\u00e5ngtidseffekter p\u00e5 vattenlevande organismer.<\/p>\n<p>S\u00e4kerhetsangivelser<\/p>\n<p>P101Ha f\u00f6rpackningen eller etiketten till hands om du m\u00e5ste s\u00f6ka l\u00e4karv\u00e5rd.<\/p>\n<p>P280 Anv\u00e4nd skyddshandskar.<\/p>\n<p>P301+P330+P331 VID F\u00d6RT\u00c4RING: Sk\u00f6lj munnen. Framkalla INTE kr\u00e4kning.<\/p>\n<p>P302+P335+P334 VID HUDKONTAKT: Borsta bort l\u00f6sa partiklar fr\u00e5n huden. Sk\u00f6lj under kallt vatten eller anv\u00e4nd v\u00e5ta omslag.<\/p>\n<p>P405 F\u00f6rvaras inl\u00e5st.<\/p>\n<p>P305+P351+P338+P310 VID KONTAKT MED \u00d6GONEN: Sk\u00f6lj f\u00f6rsiktigt med vatten i flera minuter. Ta ur eventuella kontaktlinser om det g\u00e5r l\u00e4tt. Forts\u00e4tt att sk\u00f6lja. Kontakta genast l\u00e4kare.<\/p>","protected":false},"excerpt":{"rendered":"<p>Mycket tekniskt avancerad keramisk coating. Designad f\u00f6r att precist skydda n\u00e4stan varje yttre yta. Binder till ytan med tusentals kovalenta bindningar som visar perfekt integritet p\u00e5 molekyl\u00e4r niv\u00e5. Det betyder att coatingen \u00e4r extremt effektiv och skyddar ytan mot UV-skador, oxidation, starka kemikalier och minskar bildandet av mikro-repor.<\/p>","protected":false},"featured_media":20132,"comment_status":"open","ping_status":"closed","template":"","meta":[],"etheme_brands":[{"term_id":410,"name":"Ultracoat","slug":"ultracoat","term_group":0,"term_taxonomy_id":410,"taxonomy":"brand","description":"","parent":0,"count":79,"filter":"raw"}],"product_brand":[384],"product_cat":[210],"product_tag":[],"class_list":{"0":"post-20131","1":"product","2":"type-product","3":"status-publish","4":"has-post-thumbnail","6":"brand-ultracoat","7":"product_brand-ultracoat","8":"product_cat-keramiska-lackskydd","10":"first","11":"instock","12":"sale","13":"taxable","14":"shipping-taxable","15":"purchasable","16":"product-type-simple"},"_links":{"self":[{"href":"https:\/\/streetpower-rekond.se\/newsite\/en\/wp-json\/wp\/v2\/product\/20131","targetHints":{"allow":["GET"]}}],"collection":[{"href":"https:\/\/streetpower-rekond.se\/newsite\/en\/wp-json\/wp\/v2\/product"}],"about":[{"href":"https:\/\/streetpower-rekond.se\/newsite\/en\/wp-json\/wp\/v2\/types\/product"}],"replies":[{"embeddable":true,"href":"https:\/\/streetpower-rekond.se\/newsite\/en\/wp-json\/wp\/v2\/comments?post=20131"}],"version-history":[{"count":1,"href":"https:\/\/streetpower-rekond.se\/newsite\/en\/wp-json\/wp\/v2\/product\/20131\/revisions"}],"predecessor-version":[{"id":22985,"href":"https:\/\/streetpower-rekond.se\/newsite\/en\/wp-json\/wp\/v2\/product\/20131\/revisions\/22985"}],"wp:featuredmedia":[{"embeddable":true,"href":"https:\/\/streetpower-rekond.se\/newsite\/en\/wp-json\/wp\/v2\/media\/20132"}],"wp:attachment":[{"href":"https:\/\/streetpower-rekond.se\/newsite\/en\/wp-json\/wp\/v2\/media?parent=20131"}],"wp:term":[{"taxonomy":"brand","embeddable":true,"href":"https:\/\/streetpower-rekond.se\/newsite\/en\/wp-json\/wp\/v2\/etheme_brands?post=20131"},{"taxonomy":"product_brand","embeddable":true,"href":"https:\/\/streetpower-rekond.se\/newsite\/en\/wp-json\/wp\/v2\/product_brand?post=20131"},{"taxonomy":"product_cat","embeddable":true,"href":"https:\/\/streetpower-rekond.se\/newsite\/en\/wp-json\/wp\/v2\/product_cat?post=20131"},{"taxonomy":"product_tag","embeddable":true,"href":"https:\/\/streetpower-rekond.se\/newsite\/en\/wp-json\/wp\/v2\/product_tag?post=20131"}],"curies":[{"name":"wp","href":"https:\/\/api.w.org\/{rel}","templated":true}]}}