{"id":20086,"date":"2025-01-14T06:19:18","date_gmt":"2025-01-14T06:19:18","guid":{"rendered":"https:\/\/streetpower-rekond.se\/newsite\/?post_type=product&#038;p=20086"},"modified":"2025-05-06T07:58:42","modified_gmt":"2025-05-06T07:58:42","slug":"rim-tyre-cleaner-10l","status":"publish","type":"product","link":"https:\/\/streetpower-rekond.se\/newsite\/en\/product\/rim-tyre-cleaner-10l\/","title":{"rendered":"RIM &amp; TYRE CLEANER 10L"},"content":{"rendered":"<p>RIM \u00e4r ett sj\u00e4lvverkande och oxidationsl\u00f6sande reng\u00f6ringskoncentrat f\u00f6r intensiv reng\u00f6ring av kraftigt nedsmutsade aluminium- och st\u00e5lf\u00e4lgar. Efter en exponeringstid p\u00e5 ca 3 minuter kan envis bromsdamm och v\u00e4gsmuts enkelt sk\u00f6ljas bort med en h\u00f6gtryckstv\u00e4tt. Ingen mekanisk efterbearbetning \u00e4r n\u00f6dv\u00e4ndig.<\/p>\n<p>Sp\u00e4d koncentratet 1:1 till 1:5 med vatten och fyll i en syrafast sprayflaska.<br \/>\nSpraya reng\u00f6ringsmedlet p\u00e5 de bl\u00f6ta f\u00e4lgarna och l\u00e5t det reagera i ca. 3 minuter. Sk\u00f6lj av med en h\u00f6gtryckstv\u00e4tt. F\u00e4lgar m\u00e5ste kylas av innan applicering! Sk\u00f6lj av RIM innan den torkar.<br \/>\nAnv\u00e4nd aldrig RIM p\u00e5 krom eller p\u00e5 polerade aluminiumf\u00e4lgar (utan klarlack). Vi rekommenderar prelimin\u00e4ra tester f\u00f6re anv\u00e4ndning.<\/p>","protected":false},"excerpt":{"rendered":"<p>RIM is a self-acting and oxidation dissolving cleaning concentrate for intensive cleaning of heavily soiled aluminium and steel rims. After an exposure time of about 3 minutes, stubborn brake dust and road dirt can easily be rinsed off with a pressure washer. No mechanical rework is necessary.<\/p>","protected":false},"featured_media":21889,"comment_status":"open","ping_status":"closed","template":"","meta":[],"etheme_brands":[{"term_id":403,"name":"Scholl Concept","slug":"scholl-concept","term_group":0,"term_taxonomy_id":403,"taxonomy":"brand","description":"","parent":0,"count":34,"filter":"raw"}],"product_brand":[],"product_cat":[241],"product_tag":[],"class_list":{"0":"post-20086","1":"product","2":"type-product","3":"status-publish","4":"has-post-thumbnail","6":"brand-scholl-concept","7":"product_cat-faelgrengoering","9":"first","10":"instock","11":"taxable","12":"shipping-taxable","13":"purchasable","14":"product-type-simple"},"_links":{"self":[{"href":"https:\/\/streetpower-rekond.se\/newsite\/en\/wp-json\/wp\/v2\/product\/20086","targetHints":{"allow":["GET"]}}],"collection":[{"href":"https:\/\/streetpower-rekond.se\/newsite\/en\/wp-json\/wp\/v2\/product"}],"about":[{"href":"https:\/\/streetpower-rekond.se\/newsite\/en\/wp-json\/wp\/v2\/types\/product"}],"replies":[{"embeddable":true,"href":"https:\/\/streetpower-rekond.se\/newsite\/en\/wp-json\/wp\/v2\/comments?post=20086"}],"version-history":[{"count":1,"href":"https:\/\/streetpower-rekond.se\/newsite\/en\/wp-json\/wp\/v2\/product\/20086\/revisions"}],"predecessor-version":[{"id":23141,"href":"https:\/\/streetpower-rekond.se\/newsite\/en\/wp-json\/wp\/v2\/product\/20086\/revisions\/23141"}],"wp:featuredmedia":[{"embeddable":true,"href":"https:\/\/streetpower-rekond.se\/newsite\/en\/wp-json\/wp\/v2\/media\/21889"}],"wp:attachment":[{"href":"https:\/\/streetpower-rekond.se\/newsite\/en\/wp-json\/wp\/v2\/media?parent=20086"}],"wp:term":[{"taxonomy":"brand","embeddable":true,"href":"https:\/\/streetpower-rekond.se\/newsite\/en\/wp-json\/wp\/v2\/etheme_brands?post=20086"},{"taxonomy":"product_brand","embeddable":true,"href":"https:\/\/streetpower-rekond.se\/newsite\/en\/wp-json\/wp\/v2\/product_brand?post=20086"},{"taxonomy":"product_cat","embeddable":true,"href":"https:\/\/streetpower-rekond.se\/newsite\/en\/wp-json\/wp\/v2\/product_cat?post=20086"},{"taxonomy":"product_tag","embeddable":true,"href":"https:\/\/streetpower-rekond.se\/newsite\/en\/wp-json\/wp\/v2\/product_tag?post=20086"}],"curies":[{"name":"wp","href":"https:\/\/api.w.org\/{rel}","templated":true}]}}