{"id":20007,"date":"2025-01-01T05:24:23","date_gmt":"2025-01-01T05:24:23","guid":{"rendered":"https:\/\/streetpower-rekond.se\/newsite\/product\/ultracoat-ceramic-set-2x-50ml\/"},"modified":"2025-04-01T09:45:52","modified_gmt":"2025-04-01T09:45:52","slug":"ultracoat-ceramic-set-2x-50ml","status":"publish","type":"product","link":"https:\/\/streetpower-rekond.se\/newsite\/en\/product\/ultracoat-ceramic-set-2x-50ml\/","title":{"rendered":"Ultracoat Ceramic Set 2x 50ml"},"content":{"rendered":"<p>Ultracoat Keramikset 100 ml<\/p>\n<p>Inneh\u00e5ll:<\/p>\n<p>Ultracoat Hydro HD 50 ml<\/p>\n<p>Ultracoat One 50 ml<\/p>\n<p>2 kubapplikatorer gjorda av mjuk mikrofiber<\/p>\n<p>3 Ultracoat Protected klisterm\u00e4rken<\/p>\n<p>3 servicekort<\/p>\n<p><strong>ONE<\/strong> \u00e4r en universell SiO2-baserad keramisk bel\u00e4ggning f\u00f6r skydd av lack, f\u00e4lgar och plastelement. Efter applicering penetrerar den och fyller ut lackens porer, f\u00f6renar den och skapar ett extra skyddande lager som garanterar skyddets h\u00e5llbarhet.<\/p>\n<p>Den skyddade f\u00e4rgen f\u00e5r h\u00f6g glasighet och dess f\u00e4rg f\u00e5r ett vackert djup. Den keramiska bel\u00e4ggningen ger en stark hydrofob effekt. De skapar ett skyddande lager med effektiva UV-filter som skyddar ditt lack fr\u00e5n oxidation och f\u00e4rgf\u00f6rlust.<\/p>\n<p><strong>Hydro HD<\/strong> \u00e4r ett topplack som anv\u00e4nds f\u00f6r att skapa en perfekt finish p\u00e5 det keramiska skyddsskiktet. De aktiva ingredienserna i bel\u00e4ggningen \u00e4r SiO2 och fluorpolymerer. Bel\u00e4ggningen st\u00e4rker hela skyddets kemiska motst\u00e5ndskraft och underl\u00e4ttar avl\u00e4gsnandet av potentiella vattenfl\u00e4ckar.<\/p>\n<p>Hydro HD g\u00f6r lacken extremt hal, vilket g\u00f6r tv\u00e4ttningen och torkning av bilen mycket l\u00e4ttare. Dess applicering ger \u00f6kad hydrofobicitet, tack vare vilken vi f\u00e5r ytans sj\u00e4lvreng\u00f6rande effekt. Det ger en spektakul\u00e4r glans som \u00e4r stoltheten f\u00f6r varje \u00e4gare av en skyddad bil.<\/p>\n<p><strong>F\u00f6ruts\u00e4ttningar<\/strong>:<\/p>\n<p>Idealisk temperatur: 18-22 grader C.<\/p>\n<p>Luftfuktighet: 40-60 %<\/p>\n<p>V\u00e4lventilerat rum<\/p>\n<p>F\u00f6rberedelse:<\/p>\n<p>Tv\u00e4tta bilen noggrant och utf\u00f6rd dekontaminering.<\/p>\n<p>Polera lackytan f\u00f6r att uppn\u00e5 en perfekt finish.<\/p>\n<p>Avfetta ytan med Ultracoat Finest Wipe<\/p>\n<p><strong>ONE H -applikation:<\/strong><\/p>\n<p>L\u00e4gg ett par droppar av produkten p\u00e5 applikatorn.<\/p>\n<p>Bred ut bel\u00e4ggningen \u00f6ver ett omr\u00e5de p\u00e5 ca. 50 x 50 cm med hj\u00e4lp av cross-hatch method.<\/p>\n<p>V\u00e4nta 1-2 minuter p\u00e5 den f\u00f6rsta avdunstning av l\u00f6sningsmedlen och avl\u00e4gsna f\u00f6rsiktigt bel\u00e4ggningsresterna med en mjuk mikrofiberduk.<\/p>\n<p>V\u00e4nd den rena sidan av mikrofibern och polera till en perfekt finish.<\/p>\n<p>Upprepa processen med hela bilen.<\/p>\n<p><strong>Hydro HD-applikation<\/strong>:<\/p>\n<p>Hydro HD kan appliceras bara 2 timmar efter att Ultracoat One-appliceringen \u00e4r klar.<\/p>\n<p>L\u00e4gg ett par droppar av produkten p\u00e5 applikatorn.<\/p>\n<p>Bred ut bel\u00e4ggningen \u00f6ver ett omr\u00e5de p\u00e5 ca. 50 x 50 cm med hj\u00e4lp av cross-hatch method<\/p>\n<p>Polera omedelbart ytan med en mjuk mikrofiber f\u00f6r att uppn\u00e5 en perfekt finish.<\/p>\n<p>Upprepa processen med hela bilen.<\/p>\n<p><strong>Efter applicering<\/strong>:<\/p>\n<p>L\u00e4mna bilen p\u00e5 appliceringsplatsen i 24 timmar tills bel\u00e4ggningen h\u00e4rdar.<\/p>\n<p>Under de f\u00f6rsta 7 dagarna efter applicering, tv\u00e4tta inte bilen med n\u00e5gra kemikalier.<\/p>\n<p>F\u00f6lj underh\u00e5llsinstruktionerna p\u00e5 servicekortet.<\/p>","protected":false},"excerpt":{"rendered":"<p>Ultracoat Ceramic Set \u00e4r en tv\u00e5komponents keramisk lackskydd f\u00f6r att skydda bilens exteri\u00f6r. Den best\u00e5r av den keramiska One-bel\u00e4ggningen, som st\u00e5r f\u00f6r de skyddande egenskaperna, och Hydro HD som garanterar en perfekt ytfinish och mycket stark hydrofobicitet. Anv\u00e4ndningen av tv\u00e5 komponenter s\u00e4kerst\u00e4ller perfekt utseende, effektivt skydd och maximalt enkelt underh\u00e5ll av lacken. Appliceringen av b\u00e5da skydden \u00e4r enkel.<\/p>","protected":false},"featured_media":20008,"comment_status":"open","ping_status":"closed","template":"","meta":[],"etheme_brands":[{"term_id":410,"name":"Ultracoat","slug":"ultracoat","term_group":0,"term_taxonomy_id":410,"taxonomy":"brand","description":"","parent":0,"count":79,"filter":"raw"}],"product_brand":[384],"product_cat":[210],"product_tag":[],"class_list":{"0":"post-20007","1":"product","2":"type-product","3":"status-publish","4":"has-post-thumbnail","6":"brand-ultracoat","7":"product_brand-ultracoat","8":"product_cat-keramiska-lackskydd","10":"first","11":"instock","12":"sale","13":"taxable","14":"shipping-taxable","15":"purchasable","16":"product-type-simple"},"_links":{"self":[{"href":"https:\/\/streetpower-rekond.se\/newsite\/en\/wp-json\/wp\/v2\/product\/20007","targetHints":{"allow":["GET"]}}],"collection":[{"href":"https:\/\/streetpower-rekond.se\/newsite\/en\/wp-json\/wp\/v2\/product"}],"about":[{"href":"https:\/\/streetpower-rekond.se\/newsite\/en\/wp-json\/wp\/v2\/types\/product"}],"replies":[{"embeddable":true,"href":"https:\/\/streetpower-rekond.se\/newsite\/en\/wp-json\/wp\/v2\/comments?post=20007"}],"version-history":[{"count":1,"href":"https:\/\/streetpower-rekond.se\/newsite\/en\/wp-json\/wp\/v2\/product\/20007\/revisions"}],"predecessor-version":[{"id":22986,"href":"https:\/\/streetpower-rekond.se\/newsite\/en\/wp-json\/wp\/v2\/product\/20007\/revisions\/22986"}],"wp:featuredmedia":[{"embeddable":true,"href":"https:\/\/streetpower-rekond.se\/newsite\/en\/wp-json\/wp\/v2\/media\/20008"}],"wp:attachment":[{"href":"https:\/\/streetpower-rekond.se\/newsite\/en\/wp-json\/wp\/v2\/media?parent=20007"}],"wp:term":[{"taxonomy":"brand","embeddable":true,"href":"https:\/\/streetpower-rekond.se\/newsite\/en\/wp-json\/wp\/v2\/etheme_brands?post=20007"},{"taxonomy":"product_brand","embeddable":true,"href":"https:\/\/streetpower-rekond.se\/newsite\/en\/wp-json\/wp\/v2\/product_brand?post=20007"},{"taxonomy":"product_cat","embeddable":true,"href":"https:\/\/streetpower-rekond.se\/newsite\/en\/wp-json\/wp\/v2\/product_cat?post=20007"},{"taxonomy":"product_tag","embeddable":true,"href":"https:\/\/streetpower-rekond.se\/newsite\/en\/wp-json\/wp\/v2\/product_tag?post=20007"}],"curies":[{"name":"wp","href":"https:\/\/api.w.org\/{rel}","templated":true}]}}