{"id":19993,"date":"2025-01-01T05:22:59","date_gmt":"2025-01-01T05:22:59","guid":{"rendered":"https:\/\/streetpower-rekond.se\/newsite\/product\/comfort-yellow-heavy-polishing-165-x-25mm\/"},"modified":"2025-01-11T19:49:31","modified_gmt":"2025-01-11T19:49:31","slug":"comfort-yellow-heavy-polishing-165-x-25mm","status":"publish","type":"product","link":"https:\/\/streetpower-rekond.se\/newsite\/en\/product\/comfort-yellow-heavy-polishing-165-x-25mm\/","title":{"rendered":"COMFORT YELLOW HEAVY POLISHING 165 x 25MM"},"content":{"rendered":"<p>Extern konisk form med\u00a0centrum h\u00e5l<\/p>\n<p>M\u00e5tt<\/p>\n<p>Ytterdiameter: 165 mm<\/p>\n<p>H\u00f6jd: 25 mm<\/p>\n<p>Sk\u00f6tselr\u00e5d polerrondeller<\/p>\n<p>Reng\u00f6rs genom att bl\u00e5sa rent med tryckluft eller med en borste<\/p>\n<p>Tillverkade i EU<\/p>","protected":false},"excerpt":{"rendered":"<p>YELLOW POLISHING CUT \u00e4r gjord av ett fast skum med en fin cellstruktur<\/p>\n<p>Denna dyna \u00e4r perfekt l\u00e4mpad f\u00f6r att ta bort finare repor, hologram och andra ytfel. Optimerad anv\u00e4ndning med Monkey Medium \u00a0Compound.<\/p>","protected":false},"featured_media":19994,"comment_status":"open","ping_status":"closed","template":"","meta":[],"etheme_brands":[],"product_brand":[],"product_cat":[234],"product_tag":[],"class_list":{"0":"post-19993","1":"product","2":"type-product","3":"status-publish","4":"has-post-thumbnail","6":"product_cat-skumtrissor-150-170mm","8":"first","9":"instock","10":"taxable","11":"shipping-taxable","12":"purchasable","13":"product-type-simple"},"_links":{"self":[{"href":"https:\/\/streetpower-rekond.se\/newsite\/en\/wp-json\/wp\/v2\/product\/19993","targetHints":{"allow":["GET"]}}],"collection":[{"href":"https:\/\/streetpower-rekond.se\/newsite\/en\/wp-json\/wp\/v2\/product"}],"about":[{"href":"https:\/\/streetpower-rekond.se\/newsite\/en\/wp-json\/wp\/v2\/types\/product"}],"replies":[{"embeddable":true,"href":"https:\/\/streetpower-rekond.se\/newsite\/en\/wp-json\/wp\/v2\/comments?post=19993"}],"version-history":[{"count":0,"href":"https:\/\/streetpower-rekond.se\/newsite\/en\/wp-json\/wp\/v2\/product\/19993\/revisions"}],"wp:featuredmedia":[{"embeddable":true,"href":"https:\/\/streetpower-rekond.se\/newsite\/en\/wp-json\/wp\/v2\/media\/19994"}],"wp:attachment":[{"href":"https:\/\/streetpower-rekond.se\/newsite\/en\/wp-json\/wp\/v2\/media?parent=19993"}],"wp:term":[{"taxonomy":"brand","embeddable":true,"href":"https:\/\/streetpower-rekond.se\/newsite\/en\/wp-json\/wp\/v2\/etheme_brands?post=19993"},{"taxonomy":"product_brand","embeddable":true,"href":"https:\/\/streetpower-rekond.se\/newsite\/en\/wp-json\/wp\/v2\/product_brand?post=19993"},{"taxonomy":"product_cat","embeddable":true,"href":"https:\/\/streetpower-rekond.se\/newsite\/en\/wp-json\/wp\/v2\/product_cat?post=19993"},{"taxonomy":"product_tag","embeddable":true,"href":"https:\/\/streetpower-rekond.se\/newsite\/en\/wp-json\/wp\/v2\/product_tag?post=19993"}],"curies":[{"name":"wp","href":"https:\/\/api.w.org\/{rel}","templated":true}]}}