{"id":19977,"date":"2025-01-01T05:15:12","date_gmt":"2025-01-01T05:15:12","guid":{"rendered":"https:\/\/streetpower-rekond.se\/newsite\/product\/degreaser-wet-tixo-1l\/"},"modified":"2025-01-11T16:21:11","modified_gmt":"2025-01-11T16:21:11","slug":"degreaser-wet-tixo-1l","status":"publish","type":"product","link":"https:\/\/streetpower-rekond.se\/newsite\/en\/product\/degreaser-wet-tixo-1l\/","title":{"rendered":"Degreaser Wet Tixo 1L"},"content":{"rendered":"<p class=\"NormalWeb\">Degreaser Wet Tixo \u00e4r en mycket effektiv kallavfettning f\u00f6r alla typer av fordon.<\/p>\n<p class=\"NormalWeb\">Den fungerar lika bra p\u00e5 b\u00e5de v\u00e5ta och torra underlag.<\/p>\n<p class=\"NormalWeb\">Den l\u00f6ser upp snabbt och skonsamt upp olja, tj\u00e4ra, asfalt, v\u00e4gsalt och annan smuts.<\/p>","protected":false},"excerpt":{"rendered":"<p>Att den \u00e4r tixotropisk inneb\u00e4r att den h\u00e4nger kvar l\u00e4ngre och inte torkar in som vanlig kallavfettning.<\/p>","protected":false},"featured_media":19978,"comment_status":"open","ping_status":"closed","template":"","meta":[],"etheme_brands":[],"product_brand":[],"product_cat":[280],"product_tag":[],"class_list":{"0":"post-19977","1":"product","2":"type-product","3":"status-publish","4":"has-post-thumbnail","6":"product_cat-kallavfettning","8":"first","9":"instock","10":"taxable","11":"shipping-taxable","12":"purchasable","13":"product-type-simple"},"_links":{"self":[{"href":"https:\/\/streetpower-rekond.se\/newsite\/en\/wp-json\/wp\/v2\/product\/19977","targetHints":{"allow":["GET"]}}],"collection":[{"href":"https:\/\/streetpower-rekond.se\/newsite\/en\/wp-json\/wp\/v2\/product"}],"about":[{"href":"https:\/\/streetpower-rekond.se\/newsite\/en\/wp-json\/wp\/v2\/types\/product"}],"replies":[{"embeddable":true,"href":"https:\/\/streetpower-rekond.se\/newsite\/en\/wp-json\/wp\/v2\/comments?post=19977"}],"version-history":[{"count":0,"href":"https:\/\/streetpower-rekond.se\/newsite\/en\/wp-json\/wp\/v2\/product\/19977\/revisions"}],"wp:featuredmedia":[{"embeddable":true,"href":"https:\/\/streetpower-rekond.se\/newsite\/en\/wp-json\/wp\/v2\/media\/19978"}],"wp:attachment":[{"href":"https:\/\/streetpower-rekond.se\/newsite\/en\/wp-json\/wp\/v2\/media?parent=19977"}],"wp:term":[{"taxonomy":"brand","embeddable":true,"href":"https:\/\/streetpower-rekond.se\/newsite\/en\/wp-json\/wp\/v2\/etheme_brands?post=19977"},{"taxonomy":"product_brand","embeddable":true,"href":"https:\/\/streetpower-rekond.se\/newsite\/en\/wp-json\/wp\/v2\/product_brand?post=19977"},{"taxonomy":"product_cat","embeddable":true,"href":"https:\/\/streetpower-rekond.se\/newsite\/en\/wp-json\/wp\/v2\/product_cat?post=19977"},{"taxonomy":"product_tag","embeddable":true,"href":"https:\/\/streetpower-rekond.se\/newsite\/en\/wp-json\/wp\/v2\/product_tag?post=19977"}],"curies":[{"name":"wp","href":"https:\/\/api.w.org\/{rel}","templated":true}]}}