{"id":19964,"date":"2025-01-01T05:14:07","date_gmt":"2025-01-01T05:14:07","guid":{"rendered":"https:\/\/streetpower-rekond.se\/newsite\/product\/slime-tyre-dressing-gel-500ml\/"},"modified":"2025-04-23T06:23:02","modified_gmt":"2025-04-23T06:23:02","slug":"slime-tyre-dressing-gel-500ml","status":"publish","type":"product","link":"https:\/\/streetpower-rekond.se\/newsite\/en\/product\/slime-tyre-dressing-gel-500ml\/","title":{"rendered":"SLIME Tyre Dressing GEL 500ml"},"content":{"rendered":"<p>Visk\u00f6s premiumglans f\u00f6r v\u00e5rd av d\u00e4ck och gummidelar.<\/p>\n<p><span style=\"font-family: Helvetica; font-size: 12px;\">SLIME k\u00e4nnetecknas av sin anm\u00e4rkningsv\u00e4rda glans och konsekventa brilljans.<\/span><\/p>\n<p><br style=\"font-family: Helvetica; font-size: 12px;\" \/><span style=\"font-family: Helvetica; font-size: 12px;\">D\u00e4ck h\u00e5lls svarta med en rik h\u00f6gglans i veckor. SLIME &#8211; Tire Dressing Gel torkar inom n\u00e5gra minuter och l\u00e4mnar inga v\u00e5ta och feta rester.<\/span><\/p>\n<p>Applicera SLIME p\u00e5 den svarta skum appliceringspucken och sprid j\u00e4mnt \u00f6ver d\u00e4cket &#8211; klart! SLIME Tyre Dressing Gel kan ocks\u00e5 appliceras p\u00e5 alla lackade plast- och gummidelar.<\/p>\n<p><img decoding=\"async\" src=\"https:\/\/streetpower-rekond.se\/newsite\/img\/cms\/Faro%20Symboler\/flamme.gif\" alt=\"\" width=\"90\" height=\"90\" title=\"\"><\/p>\n<p><span style=\"color: #d0121a;\"><strong>Faroangivelser\u00a0<\/strong><\/span><\/p>\n<p>Brandfarlig v\u00e4tska och \u00e5nga.<\/p>\n<p><strong><span style=\"color: #d0121a;\">Skyddsangivelser<\/span><\/strong><\/p>\n<p>P102 F\u00f6rvaras o\u00e5tkomligt f\u00f6r barn.<\/p>\n<p>P210 F\u00e5r inte uts\u00e4ttas f\u00f6r v\u00e4rme, heta ytor, gnistor, \u00f6ppen l\u00e5ga eller andra ant\u00e4ndningsk\u00e4llor<\/p>\n<p>R\u00f6kning f\u00f6rbjuden.<\/p>\n<p>P280 Anv\u00e4nd skyddshandskar\/skyddskl\u00e4der\/\u00f6gonskydd\/ansiktsskydd.<\/p>\n<p>P403+P235 F\u00f6rvaras p\u00e5 v\u00e4l ventilerad plats. F\u00f6rvaras svalt.<\/p>\n<p>P501 Bortskaffa avfallet enligt till\u00e4mplig lagstiftning..<\/p>","protected":false},"excerpt":{"rendered":"<p>Scholl Concepts Slime \u00e4r ett gelbaserat d\u00e4ck och gummiprodukt med en stor, djup glans, intensiv svarta och l\u00e5ng livsl\u00e4ngd.<\/p>","protected":false},"featured_media":19965,"comment_status":"open","ping_status":"closed","template":"","meta":[],"etheme_brands":[],"product_brand":[],"product_cat":[252],"product_tag":[],"class_list":{"0":"post-19964","1":"product","2":"type-product","3":"status-publish","4":"has-post-thumbnail","6":"product_cat-daeckglans","8":"first","9":"instock","10":"taxable","11":"shipping-taxable","12":"purchasable","13":"product-type-simple"},"_links":{"self":[{"href":"https:\/\/streetpower-rekond.se\/newsite\/en\/wp-json\/wp\/v2\/product\/19964","targetHints":{"allow":["GET"]}}],"collection":[{"href":"https:\/\/streetpower-rekond.se\/newsite\/en\/wp-json\/wp\/v2\/product"}],"about":[{"href":"https:\/\/streetpower-rekond.se\/newsite\/en\/wp-json\/wp\/v2\/types\/product"}],"replies":[{"embeddable":true,"href":"https:\/\/streetpower-rekond.se\/newsite\/en\/wp-json\/wp\/v2\/comments?post=19964"}],"version-history":[{"count":0,"href":"https:\/\/streetpower-rekond.se\/newsite\/en\/wp-json\/wp\/v2\/product\/19964\/revisions"}],"wp:featuredmedia":[{"embeddable":true,"href":"https:\/\/streetpower-rekond.se\/newsite\/en\/wp-json\/wp\/v2\/media\/19965"}],"wp:attachment":[{"href":"https:\/\/streetpower-rekond.se\/newsite\/en\/wp-json\/wp\/v2\/media?parent=19964"}],"wp:term":[{"taxonomy":"brand","embeddable":true,"href":"https:\/\/streetpower-rekond.se\/newsite\/en\/wp-json\/wp\/v2\/etheme_brands?post=19964"},{"taxonomy":"product_brand","embeddable":true,"href":"https:\/\/streetpower-rekond.se\/newsite\/en\/wp-json\/wp\/v2\/product_brand?post=19964"},{"taxonomy":"product_cat","embeddable":true,"href":"https:\/\/streetpower-rekond.se\/newsite\/en\/wp-json\/wp\/v2\/product_cat?post=19964"},{"taxonomy":"product_tag","embeddable":true,"href":"https:\/\/streetpower-rekond.se\/newsite\/en\/wp-json\/wp\/v2\/product_tag?post=19964"}],"curies":[{"name":"wp","href":"https:\/\/api.w.org\/{rel}","templated":true}]}}