{"id":19950,"date":"2025-03-28T11:45:51","date_gmt":"2025-03-28T11:45:51","guid":{"rendered":"https:\/\/streetpower-rekond.se\/newsite\/?post_type=product&#038;p=19950"},"modified":"2025-05-06T07:58:42","modified_gmt":"2025-05-06T07:58:42","slug":"fresh-maker-5l","status":"publish","type":"product","link":"https:\/\/streetpower-rekond.se\/newsite\/en\/product\/fresh-maker-5l\/","title":{"rendered":"Ultracoat FRESH MAKER 5L"},"content":{"rendered":"<p>V\u00e5r inredningsreng\u00f6ring kommer \u00e4ven att fungera bra vid sk\u00f6tsel av kl\u00e4dsel \u2013 b\u00e5de textil och l\u00e4der. Produkten har h\u00f6gskumande egenskaper, vilket s\u00e4kerst\u00e4ller s\u00e4ker anv\u00e4ndning och effektiv reng\u00f6ring. Fresh Maker \u00e5terst\u00e4ller ytans naturliga utseende eftersom den inte l\u00e4mnar n\u00e5gon ytterligare glans.<\/p>\n<p>Du hittar inga piktogram p\u00e5 etiketten. Det \u00e4r s\u00e4kert inte bara f\u00f6r ytan utan framf\u00f6r allt f\u00f6r dig! Perfekt f\u00f6r vardaglig sk\u00f6tsel, d\u00e4rf\u00f6r passar Fresh maker att alltid i bilen tillsammans med en mikrofiberduk att anv\u00e4nda vid obehagliga \u00f6verraskningar eller behov av att snabbt ta bort eventuell smuts. Doften \u00e4r behagligt tropisk.<\/p>\n<p>Anv\u00e4ndningsmetod:<\/p>\n<p>Applicera produkten p\u00e5 ytan som ska reng\u00f6ras.<\/p>\n<p>Arbeta ut produkten med en borste eller mikrofiberduk.<\/p>\n<p>Ta bort \u00f6verfl\u00f6dig produkt tillsammans med smuts med ren mikrofiberduk.<\/p>\n<p>Tips:<\/p>\n<p>Anv\u00e4ndningen av tillbeh\u00f6r dedikerade till en given yta, t.ex. l\u00e4derborste eller mikrofiber f\u00f6r glas, f\u00f6rb\u00e4ttrar produktens effektivitet. L\u00e5t inte produkten torka in p\u00e5 ytan. Arbeta inte i direkt solljus.<\/p>","protected":false},"excerpt":{"rendered":"<p>RENG\u00d6RING F\u00d6R ALLA INTERI\u00d6R YTOR<\/p>\n<p>Fresh Maker \u00e4r ett allroundreng\u00f6ringsmedel f\u00f6r att v\u00e5rda bilens alla interi\u00f6rdelar. Till skillnad fr\u00e5n m\u00e5nga andra inredningsreng\u00f6ringsmedel k\u00e4nnetecknas denna produkt av att den kan anv\u00e4ndas p\u00e5 plastytor, lackade element, samt glas och navisk\u00e4rmar, helt utan att l\u00e4mna r\u00e4nder.<\/p>","protected":false},"featured_media":19951,"comment_status":"open","ping_status":"closed","template":"","meta":[],"etheme_brands":[{"term_id":410,"name":"Ultracoat","slug":"ultracoat","term_group":0,"term_taxonomy_id":410,"taxonomy":"brand","description":"","parent":0,"count":79,"filter":"raw"}],"product_brand":[384],"product_cat":[253],"product_tag":[],"class_list":{"0":"post-19950","1":"product","2":"type-product","3":"status-publish","4":"has-post-thumbnail","6":"brand-ultracoat","7":"product_brand-ultracoat","8":"product_cat-rengoring","10":"first","11":"instock","12":"taxable","13":"shipping-taxable","14":"purchasable","15":"product-type-simple"},"_links":{"self":[{"href":"https:\/\/streetpower-rekond.se\/newsite\/en\/wp-json\/wp\/v2\/product\/19950","targetHints":{"allow":["GET"]}}],"collection":[{"href":"https:\/\/streetpower-rekond.se\/newsite\/en\/wp-json\/wp\/v2\/product"}],"about":[{"href":"https:\/\/streetpower-rekond.se\/newsite\/en\/wp-json\/wp\/v2\/types\/product"}],"replies":[{"embeddable":true,"href":"https:\/\/streetpower-rekond.se\/newsite\/en\/wp-json\/wp\/v2\/comments?post=19950"}],"version-history":[{"count":2,"href":"https:\/\/streetpower-rekond.se\/newsite\/en\/wp-json\/wp\/v2\/product\/19950\/revisions"}],"predecessor-version":[{"id":23133,"href":"https:\/\/streetpower-rekond.se\/newsite\/en\/wp-json\/wp\/v2\/product\/19950\/revisions\/23133"}],"wp:featuredmedia":[{"embeddable":true,"href":"https:\/\/streetpower-rekond.se\/newsite\/en\/wp-json\/wp\/v2\/media\/19951"}],"wp:attachment":[{"href":"https:\/\/streetpower-rekond.se\/newsite\/en\/wp-json\/wp\/v2\/media?parent=19950"}],"wp:term":[{"taxonomy":"brand","embeddable":true,"href":"https:\/\/streetpower-rekond.se\/newsite\/en\/wp-json\/wp\/v2\/etheme_brands?post=19950"},{"taxonomy":"product_brand","embeddable":true,"href":"https:\/\/streetpower-rekond.se\/newsite\/en\/wp-json\/wp\/v2\/product_brand?post=19950"},{"taxonomy":"product_cat","embeddable":true,"href":"https:\/\/streetpower-rekond.se\/newsite\/en\/wp-json\/wp\/v2\/product_cat?post=19950"},{"taxonomy":"product_tag","embeddable":true,"href":"https:\/\/streetpower-rekond.se\/newsite\/en\/wp-json\/wp\/v2\/product_tag?post=19950"}],"curies":[{"name":"wp","href":"https:\/\/api.w.org\/{rel}","templated":true}]}}