{"id":19765,"date":"2024-12-31T13:02:52","date_gmt":"2024-12-31T13:02:52","guid":{"rendered":"https:\/\/streetpower-rekond.se\/newsite\/product\/gentle-buff-320-gsm-microfibre-cloth-2-pack\/"},"modified":"2025-04-28T14:41:18","modified_gmt":"2025-04-28T14:41:18","slug":"gentle-buff-320-gsm-microfibre-cloth-2-pack","status":"publish","type":"product","link":"https:\/\/streetpower-rekond.se\/newsite\/en\/product\/gentle-buff-320-gsm-microfibre-cloth-2-pack\/","title":{"rendered":"Gentle Buff &#8211; 320 GSM Microfibre Cloth 2-pack"},"content":{"rendered":"<p>Egenskaper:<\/p>\n<p>Vikt: 320 GSM<\/p>\n<p>Storlek: 40 x 40 cm<\/p>\n<p>Blandning: 70\/30 polyester\/polyamid<\/p>\n<p>Grym kvalitet b\u00e4sta p\u00e5 marknaden<\/p>\n<p>Tillverkad i Korea<\/p>\n<p>Anv\u00e4ndning:<\/p>\n<p>Applicering av lackskydd\/lackbehandling<\/p>\n<p>Avtorkning av keramiska lackskydd<\/p>\n<p>Underh\u00e5ll av lack<\/p>\n<p>Inv\u00e4ndig reng\u00f6ring<\/p>\n<p>Blek inte och anv\u00e4nd inte sk\u00f6ljmedel. Tv\u00e4tt i h\u00f6g v\u00e4rme \u00f6ver 60\u00baC kan orsaka tygdeformation eller skada.<\/p>","protected":false},"excerpt":{"rendered":"<p>Det \u00e4r en korth\u00e5rig mikrofiber f\u00f6r universal anv\u00e4ndning. Rekommenderas speciellt till arbete med lack, rentorkning av keramiska behandlingar och bilinredning. Duken \u00e4r laserskuren, vilket g\u00f6r den saknar h\u00e5rda kanter, och har inga sydda flikar eller andra markeringar, vilket positivt p\u00e5verkar s\u00e4kerheten vid arbete p\u00e5 lackade ytor. Den \u00e4r gjord av koreansk mikrofiber av h\u00f6gsta kvalitet.<\/p>","protected":false},"featured_media":19766,"comment_status":"open","ping_status":"closed","template":"","meta":[],"etheme_brands":[{"term_id":410,"name":"Ultracoat","slug":"ultracoat","term_group":0,"term_taxonomy_id":410,"taxonomy":"brand","description":"","parent":0,"count":79,"filter":"raw"}],"product_brand":[384],"product_cat":[219],"product_tag":[],"class_list":{"0":"post-19765","1":"product","2":"type-product","3":"status-publish","4":"has-post-thumbnail","6":"brand-ultracoat","7":"product_brand-ultracoat","8":"product_cat-mikrofiberdukar","10":"first","11":"outofstock","12":"sale","13":"taxable","14":"shipping-taxable","15":"purchasable","16":"product-type-simple"},"_links":{"self":[{"href":"https:\/\/streetpower-rekond.se\/newsite\/en\/wp-json\/wp\/v2\/product\/19765","targetHints":{"allow":["GET"]}}],"collection":[{"href":"https:\/\/streetpower-rekond.se\/newsite\/en\/wp-json\/wp\/v2\/product"}],"about":[{"href":"https:\/\/streetpower-rekond.se\/newsite\/en\/wp-json\/wp\/v2\/types\/product"}],"replies":[{"embeddable":true,"href":"https:\/\/streetpower-rekond.se\/newsite\/en\/wp-json\/wp\/v2\/comments?post=19765"}],"version-history":[{"count":1,"href":"https:\/\/streetpower-rekond.se\/newsite\/en\/wp-json\/wp\/v2\/product\/19765\/revisions"}],"predecessor-version":[{"id":23109,"href":"https:\/\/streetpower-rekond.se\/newsite\/en\/wp-json\/wp\/v2\/product\/19765\/revisions\/23109"}],"wp:featuredmedia":[{"embeddable":true,"href":"https:\/\/streetpower-rekond.se\/newsite\/en\/wp-json\/wp\/v2\/media\/19766"}],"wp:attachment":[{"href":"https:\/\/streetpower-rekond.se\/newsite\/en\/wp-json\/wp\/v2\/media?parent=19765"}],"wp:term":[{"taxonomy":"brand","embeddable":true,"href":"https:\/\/streetpower-rekond.se\/newsite\/en\/wp-json\/wp\/v2\/etheme_brands?post=19765"},{"taxonomy":"product_brand","embeddable":true,"href":"https:\/\/streetpower-rekond.se\/newsite\/en\/wp-json\/wp\/v2\/product_brand?post=19765"},{"taxonomy":"product_cat","embeddable":true,"href":"https:\/\/streetpower-rekond.se\/newsite\/en\/wp-json\/wp\/v2\/product_cat?post=19765"},{"taxonomy":"product_tag","embeddable":true,"href":"https:\/\/streetpower-rekond.se\/newsite\/en\/wp-json\/wp\/v2\/product_tag?post=19765"}],"curies":[{"name":"wp","href":"https:\/\/api.w.org\/{rel}","templated":true}]}}