{"id":19761,"date":"2025-05-08T09:50:49","date_gmt":"2025-05-08T09:50:49","guid":{"rendered":"https:\/\/streetpower-rekond.se\/newsite\/?post_type=product&#038;p=19761"},"modified":"2025-05-08T09:50:49","modified_gmt":"2025-05-08T09:50:49","slug":"preparator-500ml","status":"publish","type":"product","link":"https:\/\/streetpower-rekond.se\/newsite\/en\/product\/preparator-500ml\/","title":{"rendered":"PREPARATOR 500ml"},"content":{"rendered":"<p><img decoding=\"async\" src=\"https:\/\/streetpower-rekond.se\/newsite\/img\/cms\/Faro%20Symboler\/flamme.gif\" alt=\"\" width=\"90\" height=\"90\" title=\"\"><img decoding=\"async\" src=\"https:\/\/streetpower-rekond.se\/newsite\/img\/cms\/Faro%20Symboler\/exclam.gif\" alt=\"\" width=\"90\" height=\"90\" title=\"\"><\/p>\n<p>Faroangivelser<\/p>\n<p>H225 Mycket brandfarlig v\u00e4tska och \u00e5nga.<\/p>\n<p>H317 Kan orsaka allergisk hudreaktion.<\/p>\n<p>H319 Orsakar allvarlig \u00f6gonirritation.<\/p>\n<p>H336 Kan g\u00f6ra att man blir d\u00e5sig eller omt\u00f6cknad.<\/p>\n<p>H412 Skadliga l\u00e5ngtidseffekter f\u00f6r vattenlevande organismer.<\/p>\n<p>Skyddsangivelser<\/p>\n<p>P102 F\u00f6rvaras o\u00e5tkomligt f\u00f6r barn.<\/p>\n<p>P210 F\u00e5r inte uts\u00e4ttas f\u00f6r v\u00e4rme, heta ytor, gnistor, \u00f6ppna l\u00e5gor och andra ant\u00e4ndningsk\u00e4llor.<\/p>\n<p>R\u00f6kning f\u00f6rbjuden.<\/p>\n<p>P264 Tv\u00e4tta h\u00e4nder grundligt efter anv\u00e4ndning.<\/p>\n<p>P271 Anv\u00e4nds endast utomhus eller i v\u00e4l ventilerade utrymmen.<\/p>\n<p>P273 Undvik utsl\u00e4pp till milj\u00f6n.<\/p>\n<p>P280 Anv\u00e4nd skyddshandskar\/skyddskl\u00e4der\/\u00f6gonskydd\/ansiktsskydd\/h\u00f6rselskydd.<\/p>\n<p>P304+P312 VID INANDNING: Vid obehag, kontakta GIFTINFORMATIONSCENTRALEN\/l\u00e4kare.<\/p>\n<p>P302+P352 VID HUDKONTAKT: Tv\u00e4tta med mycket vatten.<\/p>\n<p>P333+P313 Vid hudirritation eller utslag: S\u00f6k l\u00e4karhj\u00e4lp.<\/p>\n<p>P305+P351+P338 VID KONTAKT MED \u00d6GONEN: Sk\u00f6lj f\u00f6rsiktigt med vatten i flera minuter. Ta ur eventuella<\/p>\n<p>kontaktlinser om det g\u00e5r l\u00e4tt. Forts\u00e4tt att sk\u00f6lja.<\/p>\n<p>P337+P313 Vid best\u00e5ende \u00f6gonirritation: S\u00f6k l\u00e4karhj\u00e4lp.<\/p>\n<p>P403+P235 F\u00f6rvaras p\u00e5 v\u00e4l ventilerad plats. F\u00f6rvaras svalt.<\/p>\n<p>P501 Bortskaffa avfallet enligt till\u00e4mplig lagstiftning.<\/p>","protected":false},"excerpt":{"rendered":"<p>PREPARATOR \u00e4r idealisk f\u00f6r reng\u00f6ring och avfettning av polerad lack och s\u00e4kerst\u00e4ller optimal f\u00f6rberedelse av ytan f\u00f6r applicering av alla SCHOLL Concepts lackskydd (till exempel C-ROCK, W6 Black Coatwax, VINTAGE, \u2026).<\/p>","protected":false},"featured_media":19762,"comment_status":"open","ping_status":"closed","template":"","meta":[],"etheme_brands":[],"product_brand":[],"product_cat":[249],"product_tag":[],"class_list":{"0":"post-19761","1":"product","2":"type-product","3":"status-publish","4":"has-post-thumbnail","6":"product_cat-kontrollspray-ipa","8":"first","9":"instock","10":"taxable","11":"shipping-taxable","12":"purchasable","13":"product-type-simple"},"_links":{"self":[{"href":"https:\/\/streetpower-rekond.se\/newsite\/en\/wp-json\/wp\/v2\/product\/19761","targetHints":{"allow":["GET"]}}],"collection":[{"href":"https:\/\/streetpower-rekond.se\/newsite\/en\/wp-json\/wp\/v2\/product"}],"about":[{"href":"https:\/\/streetpower-rekond.se\/newsite\/en\/wp-json\/wp\/v2\/types\/product"}],"replies":[{"embeddable":true,"href":"https:\/\/streetpower-rekond.se\/newsite\/en\/wp-json\/wp\/v2\/comments?post=19761"}],"version-history":[{"count":2,"href":"https:\/\/streetpower-rekond.se\/newsite\/en\/wp-json\/wp\/v2\/product\/19761\/revisions"}],"predecessor-version":[{"id":23451,"href":"https:\/\/streetpower-rekond.se\/newsite\/en\/wp-json\/wp\/v2\/product\/19761\/revisions\/23451"}],"wp:featuredmedia":[{"embeddable":true,"href":"https:\/\/streetpower-rekond.se\/newsite\/en\/wp-json\/wp\/v2\/media\/19762"}],"wp:attachment":[{"href":"https:\/\/streetpower-rekond.se\/newsite\/en\/wp-json\/wp\/v2\/media?parent=19761"}],"wp:term":[{"taxonomy":"brand","embeddable":true,"href":"https:\/\/streetpower-rekond.se\/newsite\/en\/wp-json\/wp\/v2\/etheme_brands?post=19761"},{"taxonomy":"product_brand","embeddable":true,"href":"https:\/\/streetpower-rekond.se\/newsite\/en\/wp-json\/wp\/v2\/product_brand?post=19761"},{"taxonomy":"product_cat","embeddable":true,"href":"https:\/\/streetpower-rekond.se\/newsite\/en\/wp-json\/wp\/v2\/product_cat?post=19761"},{"taxonomy":"product_tag","embeddable":true,"href":"https:\/\/streetpower-rekond.se\/newsite\/en\/wp-json\/wp\/v2\/product_tag?post=19761"}],"curies":[{"name":"wp","href":"https:\/\/api.w.org\/{rel}","templated":true}]}}