{"id":19687,"date":"2024-12-31T12:35:48","date_gmt":"2024-12-31T12:35:48","guid":{"rendered":"https:\/\/streetpower-rekond.se\/newsite\/product\/wool-cutting-127-x-140-x-10mm\/"},"modified":"2025-01-11T19:39:13","modified_gmt":"2025-01-11T19:39:13","slug":"wool-cutting-127-x-140-x-10mm","status":"publish","type":"product","link":"https:\/\/streetpower-rekond.se\/newsite\/en\/product\/wool-cutting-127-x-140-x-10mm\/","title":{"rendered":"WOOL CUTTING 127 x 140 x 10MM"},"content":{"rendered":"<p>Anv\u00e4nd denna dyna i kombination med Monkey Heavy Cut Compound f\u00f6r att ta bort tyngre ytdefekter, som djupa repor, oxidation och virvlar. \u00a0 Egenskaper:<\/p>\n<p>\u2022 Tv\u00e4ttbar<\/p>\n<p>\u2022 Skum och kardborrband av h\u00f6g kvalitet<\/p>\n<p>\u2022 S\u00e4kerhetskant<\/p>\n<p>\u2022 L\u00e4tt att anv\u00e4nda<\/p>\n<p>\u2022 Reng\u00f6r ordentligt vid polering!<\/p>\n<p>Extern konisk form med centrum h\u00e5l<\/p>\n<p>M\u00e5tt<\/p>\n<p>Ytterdiameter: 140 mm<\/p>\n<p>Innerdiameter : 127\u00a0mm<\/p>\n<p>H\u00f6jd: 10 mm<\/p>\n<p>Sk\u00f6tselr\u00e5d polerrondeller<\/p>\n<p>Reng\u00f6rs genom att bl\u00e5sa rent med tryckluft eller med en borste<\/p>\n<p>Tillverkade i EU<\/p>","protected":false},"excerpt":{"rendered":"<p>GORILLA Wool Cutting Pad \u00e4r designad med ett 15 mm skumgr\u00e4nssnitt och har en kort ullfibrer f\u00f6r att ge snabb avverkning av defekter samtidigt som det l\u00e4mnas en klar yta, utan att ge kraftig haze eller andra biverkningar som kan uppst\u00e5 med vanliga ulltrissor.<\/p>","protected":false},"featured_media":19688,"comment_status":"open","ping_status":"closed","template":"","meta":[],"etheme_brands":[],"product_brand":[],"product_cat":[223],"product_tag":[],"class_list":{"0":"post-19687","1":"product","2":"type-product","3":"status-publish","4":"has-post-thumbnail","6":"product_cat-ulltrissor-85-165-mm","8":"first","9":"instock","10":"taxable","11":"shipping-taxable","12":"purchasable","13":"product-type-simple"},"_links":{"self":[{"href":"https:\/\/streetpower-rekond.se\/newsite\/en\/wp-json\/wp\/v2\/product\/19687","targetHints":{"allow":["GET"]}}],"collection":[{"href":"https:\/\/streetpower-rekond.se\/newsite\/en\/wp-json\/wp\/v2\/product"}],"about":[{"href":"https:\/\/streetpower-rekond.se\/newsite\/en\/wp-json\/wp\/v2\/types\/product"}],"replies":[{"embeddable":true,"href":"https:\/\/streetpower-rekond.se\/newsite\/en\/wp-json\/wp\/v2\/comments?post=19687"}],"version-history":[{"count":0,"href":"https:\/\/streetpower-rekond.se\/newsite\/en\/wp-json\/wp\/v2\/product\/19687\/revisions"}],"wp:featuredmedia":[{"embeddable":true,"href":"https:\/\/streetpower-rekond.se\/newsite\/en\/wp-json\/wp\/v2\/media\/19688"}],"wp:attachment":[{"href":"https:\/\/streetpower-rekond.se\/newsite\/en\/wp-json\/wp\/v2\/media?parent=19687"}],"wp:term":[{"taxonomy":"brand","embeddable":true,"href":"https:\/\/streetpower-rekond.se\/newsite\/en\/wp-json\/wp\/v2\/etheme_brands?post=19687"},{"taxonomy":"product_brand","embeddable":true,"href":"https:\/\/streetpower-rekond.se\/newsite\/en\/wp-json\/wp\/v2\/product_brand?post=19687"},{"taxonomy":"product_cat","embeddable":true,"href":"https:\/\/streetpower-rekond.se\/newsite\/en\/wp-json\/wp\/v2\/product_cat?post=19687"},{"taxonomy":"product_tag","embeddable":true,"href":"https:\/\/streetpower-rekond.se\/newsite\/en\/wp-json\/wp\/v2\/product_tag?post=19687"}],"curies":[{"name":"wp","href":"https:\/\/api.w.org\/{rel}","templated":true}]}}