{"id":19677,"date":"2024-12-31T12:35:14","date_gmt":"2024-12-31T12:35:14","guid":{"rendered":"https:\/\/streetpower-rekond.se\/newsite\/product\/microwool-cutpolish-160mm-x-10mm\/"},"modified":"2025-01-11T19:37:24","modified_gmt":"2025-01-11T19:37:24","slug":"microwool-cutpolish-160mm-x-10mm","status":"publish","type":"product","link":"https:\/\/streetpower-rekond.se\/newsite\/en\/product\/microwool-cutpolish-160mm-x-10mm\/","title":{"rendered":"MICROWOOL CUT&amp;POLISH 160MM x 10MM"},"content":{"rendered":"<p>Egenskaper:<\/p>\n<p>\u2022 Tv\u00e4ttbar<\/p>\n<p>\u2022 Kombination av ull och mikrofiber<\/p>\n<p>\u2022 Med &#8221;kylning&#8221; -gr\u00e4nssnitt<\/p>\n<p>\u2022 L\u00e4tt att anv\u00e4nd<\/p>\n<p>Sk\u00f6tselr\u00e5d polerrondeller<\/p>\n<p>Reng\u00f6rs genom att bl\u00e5sa rent med tryckluft eller med en borste<\/p>\n<p>Tillverkade i EU<\/p>","protected":false},"excerpt":{"rendered":"<p><span style=\"font-family: Helvetica; font-size: 12px;\">Dual MICROWOOL Cut &amp; Gloss Pad \u00e4r designad med en kombination av tvinnade ullfibrer och en korta mikrofiber, f\u00f6r att snabbt eliminera repor och f\u00e4rgfel och samtidigt f\u00f6rb\u00e4ttra en h\u00f6gglans finish p\u00e5 lacken. <\/span><\/p>\n<p><span style=\"font-family: Helvetica; font-size: 12px;\">Den \u00f6ppna gr\u00e4nssnittsstrukturen h\u00e5ller trissan sval och ger en smidig och stabil polering. Kan anv\u00e4ndas i kombination med Monkey Heavy Cut Compound eller Monkey Medium Cut Compound.Egenskaper:<\/span><\/p>","protected":false},"featured_media":21624,"comment_status":"open","ping_status":"closed","template":"","meta":[],"etheme_brands":[],"product_brand":[],"product_cat":[236],"product_tag":[],"class_list":{"0":"post-19677","1":"product","2":"type-product","3":"status-publish","4":"has-post-thumbnail","6":"product_cat-mikrofibertrissor-80-165mm","8":"first","9":"instock","10":"taxable","11":"shipping-taxable","12":"purchasable","13":"product-type-simple"},"_links":{"self":[{"href":"https:\/\/streetpower-rekond.se\/newsite\/en\/wp-json\/wp\/v2\/product\/19677","targetHints":{"allow":["GET"]}}],"collection":[{"href":"https:\/\/streetpower-rekond.se\/newsite\/en\/wp-json\/wp\/v2\/product"}],"about":[{"href":"https:\/\/streetpower-rekond.se\/newsite\/en\/wp-json\/wp\/v2\/types\/product"}],"replies":[{"embeddable":true,"href":"https:\/\/streetpower-rekond.se\/newsite\/en\/wp-json\/wp\/v2\/comments?post=19677"}],"version-history":[{"count":0,"href":"https:\/\/streetpower-rekond.se\/newsite\/en\/wp-json\/wp\/v2\/product\/19677\/revisions"}],"wp:featuredmedia":[{"embeddable":true,"href":"https:\/\/streetpower-rekond.se\/newsite\/en\/wp-json\/wp\/v2\/media\/21624"}],"wp:attachment":[{"href":"https:\/\/streetpower-rekond.se\/newsite\/en\/wp-json\/wp\/v2\/media?parent=19677"}],"wp:term":[{"taxonomy":"brand","embeddable":true,"href":"https:\/\/streetpower-rekond.se\/newsite\/en\/wp-json\/wp\/v2\/etheme_brands?post=19677"},{"taxonomy":"product_brand","embeddable":true,"href":"https:\/\/streetpower-rekond.se\/newsite\/en\/wp-json\/wp\/v2\/product_brand?post=19677"},{"taxonomy":"product_cat","embeddable":true,"href":"https:\/\/streetpower-rekond.se\/newsite\/en\/wp-json\/wp\/v2\/product_cat?post=19677"},{"taxonomy":"product_tag","embeddable":true,"href":"https:\/\/streetpower-rekond.se\/newsite\/en\/wp-json\/wp\/v2\/product_tag?post=19677"}],"curies":[{"name":"wp","href":"https:\/\/api.w.org\/{rel}","templated":true}]}}