{"id":19638,"date":"2024-12-31T12:03:51","date_gmt":"2024-12-31T12:03:51","guid":{"rendered":"https:\/\/streetpower-rekond.se\/newsite\/product\/green-finishing-152-x-165-x-15mm\/"},"modified":"2025-01-11T17:26:11","modified_gmt":"2025-01-11T17:26:11","slug":"green-finishing-152-x-165-x-15mm","status":"publish","type":"product","link":"https:\/\/streetpower-rekond.se\/newsite\/en\/product\/green-finishing-152-x-165-x-15mm\/","title":{"rendered":"GREEN FINISHING 152 x 165 x 15MM"},"content":{"rendered":"<p>Extern konisk form med centrum h\u00e5l<\/p>\n<p>M\u00e5tt<\/p>\n<p>Ytterdiameter: 152 mm<\/p>\n<p>Innerdiameter : 165 mm<\/p>\n<p>H\u00f6jd: 15 mm<\/p>\n<p>Sk\u00f6tselr\u00e5d polerrondeller<\/p>\n<p>Reng\u00f6rs genom att bl\u00e5sa rent med tryckluft eller med en borste<\/p>\n<p>Tillverkade i EU<\/p>","protected":false},"excerpt":{"rendered":"<p>7910Den gr\u00f6na finish trissan \u00e4r det sista steget i den h\u00e4r serien och kommer att f\u00f6rb\u00e4ttra ytan till superh\u00f6g glansfinish och lyster i lacken. Tar bort l\u00e4ttare virvlar och hologram.<\/p>\n<p>Optimerad anv\u00e4ndning med Monkey Finishing<\/p>","protected":false},"featured_media":19639,"comment_status":"open","ping_status":"closed","template":"","meta":[],"etheme_brands":[],"product_brand":[],"product_cat":[234],"product_tag":[],"class_list":{"0":"post-19638","1":"product","2":"type-product","3":"status-publish","4":"has-post-thumbnail","6":"product_cat-skumtrissor-150-170mm","8":"first","9":"instock","10":"taxable","11":"shipping-taxable","12":"purchasable","13":"product-type-simple"},"_links":{"self":[{"href":"https:\/\/streetpower-rekond.se\/newsite\/en\/wp-json\/wp\/v2\/product\/19638","targetHints":{"allow":["GET"]}}],"collection":[{"href":"https:\/\/streetpower-rekond.se\/newsite\/en\/wp-json\/wp\/v2\/product"}],"about":[{"href":"https:\/\/streetpower-rekond.se\/newsite\/en\/wp-json\/wp\/v2\/types\/product"}],"replies":[{"embeddable":true,"href":"https:\/\/streetpower-rekond.se\/newsite\/en\/wp-json\/wp\/v2\/comments?post=19638"}],"version-history":[{"count":0,"href":"https:\/\/streetpower-rekond.se\/newsite\/en\/wp-json\/wp\/v2\/product\/19638\/revisions"}],"wp:featuredmedia":[{"embeddable":true,"href":"https:\/\/streetpower-rekond.se\/newsite\/en\/wp-json\/wp\/v2\/media\/19639"}],"wp:attachment":[{"href":"https:\/\/streetpower-rekond.se\/newsite\/en\/wp-json\/wp\/v2\/media?parent=19638"}],"wp:term":[{"taxonomy":"brand","embeddable":true,"href":"https:\/\/streetpower-rekond.se\/newsite\/en\/wp-json\/wp\/v2\/etheme_brands?post=19638"},{"taxonomy":"product_brand","embeddable":true,"href":"https:\/\/streetpower-rekond.se\/newsite\/en\/wp-json\/wp\/v2\/product_brand?post=19638"},{"taxonomy":"product_cat","embeddable":true,"href":"https:\/\/streetpower-rekond.se\/newsite\/en\/wp-json\/wp\/v2\/product_cat?post=19638"},{"taxonomy":"product_tag","embeddable":true,"href":"https:\/\/streetpower-rekond.se\/newsite\/en\/wp-json\/wp\/v2\/product_tag?post=19638"}],"curies":[{"name":"wp","href":"https:\/\/api.w.org\/{rel}","templated":true}]}}