{"id":19607,"date":"2024-12-31T11:43:40","date_gmt":"2024-12-31T11:43:40","guid":{"rendered":"https:\/\/streetpower-rekond.se\/newsite\/product\/yellow-polishing-cut-77-x-92-x-25mm\/"},"modified":"2025-01-11T17:21:06","modified_gmt":"2025-01-11T17:21:06","slug":"yellow-polishing-cut-77-x-92-x-25mm","status":"publish","type":"product","link":"https:\/\/streetpower-rekond.se\/newsite\/en\/product\/yellow-polishing-cut-77-x-92-x-25mm\/","title":{"rendered":"YELLOW POLISHING CUT 77 x 92 x 25MM"},"content":{"rendered":"<p>Extern konisk form med centrum h\u00e5l<\/p>\n<p>M\u00e5tt<\/p>\n<p>Ytterdiameter: 92 mm<\/p>\n<p>Innerdiameter : 77 mm<\/p>\n<p>H\u00f6jd: 25 mm<\/p>\n<p>Sk\u00f6tselr\u00e5d polerrondeller<\/p>\n<p>Reng\u00f6rs genom att bl\u00e5sa rent med tryckluft eller med en borste<\/p>\n<p>Tillverkade i EU<\/p>","protected":false},"excerpt":{"rendered":"<p>Den gula poleringstrissa har en t\u00e4t och fin cellstruktur och \u00e4r idealisk f\u00f6r att ta bort virvlar, hologram och l\u00e4ttare ytfel i kombination med Monkey Medium Cut Compound eller med Monkey Finishing Compound f\u00f6r l\u00e4tta virvelm\u00e4rken, hologram samt m\u00e4rken orsakat av lera vid lackreng\u00f6ring, trissan l\u00e4mnar en h\u00f6g glansfinish<\/p>","protected":false},"featured_media":19608,"comment_status":"open","ping_status":"closed","template":"","meta":[],"etheme_brands":[],"product_brand":[],"product_cat":[218],"product_tag":[],"class_list":{"0":"post-19607","1":"product","2":"type-product","3":"status-publish","4":"has-post-thumbnail","6":"product_cat-skumtrissor-80-100-mm","8":"first","9":"instock","10":"taxable","11":"shipping-taxable","12":"purchasable","13":"product-type-simple"},"_links":{"self":[{"href":"https:\/\/streetpower-rekond.se\/newsite\/en\/wp-json\/wp\/v2\/product\/19607","targetHints":{"allow":["GET"]}}],"collection":[{"href":"https:\/\/streetpower-rekond.se\/newsite\/en\/wp-json\/wp\/v2\/product"}],"about":[{"href":"https:\/\/streetpower-rekond.se\/newsite\/en\/wp-json\/wp\/v2\/types\/product"}],"replies":[{"embeddable":true,"href":"https:\/\/streetpower-rekond.se\/newsite\/en\/wp-json\/wp\/v2\/comments?post=19607"}],"version-history":[{"count":0,"href":"https:\/\/streetpower-rekond.se\/newsite\/en\/wp-json\/wp\/v2\/product\/19607\/revisions"}],"wp:featuredmedia":[{"embeddable":true,"href":"https:\/\/streetpower-rekond.se\/newsite\/en\/wp-json\/wp\/v2\/media\/19608"}],"wp:attachment":[{"href":"https:\/\/streetpower-rekond.se\/newsite\/en\/wp-json\/wp\/v2\/media?parent=19607"}],"wp:term":[{"taxonomy":"brand","embeddable":true,"href":"https:\/\/streetpower-rekond.se\/newsite\/en\/wp-json\/wp\/v2\/etheme_brands?post=19607"},{"taxonomy":"product_brand","embeddable":true,"href":"https:\/\/streetpower-rekond.se\/newsite\/en\/wp-json\/wp\/v2\/product_brand?post=19607"},{"taxonomy":"product_cat","embeddable":true,"href":"https:\/\/streetpower-rekond.se\/newsite\/en\/wp-json\/wp\/v2\/product_cat?post=19607"},{"taxonomy":"product_tag","embeddable":true,"href":"https:\/\/streetpower-rekond.se\/newsite\/en\/wp-json\/wp\/v2\/product_tag?post=19607"}],"curies":[{"name":"wp","href":"https:\/\/api.w.org\/{rel}","templated":true}]}}