{"id":19592,"date":"2024-12-31T11:42:50","date_gmt":"2024-12-31T11:42:50","guid":{"rendered":"https:\/\/streetpower-rekond.se\/newsite\/product\/blue-ninja-finnishing-pad-140-25-mm\/"},"modified":"2025-05-06T08:18:46","modified_gmt":"2025-05-06T08:18:46","slug":"blue-ninja-finnishing-pad-140-25-mm","status":"publish","type":"product","link":"https:\/\/streetpower-rekond.se\/newsite\/en\/product\/blue-ninja-finnishing-pad-140-25-mm\/","title":{"rendered":"Blue Ninja Finnishing Pad 140 x 25 mm"},"content":{"rendered":"<p dir=\"auto\" data-pm-slice=\"1 1 []\">Uppt\u00e4ck skillnaden med Blue Ninja Finnishing Pad 140 x 25 mm \u2013 den ultimata dynan f\u00f6r perfektionisten!<\/p>\n<p dir=\"auto\" data-pm-slice=\"1 1 []\">Med v\u00e5r innovativa Flex-Cut teknik f\u00e5r du en f\u00f6rb\u00e4ttrad kyleffekt och minskad sp\u00e4nning, vilket ger l\u00e4ngre livsl\u00e4ngd till din dyna.<\/p>\n<p dir=\"auto\">&#8211; **Flex-Cut kanter**: F\u00f6rb\u00e4ttra kyleffekten och minska risken f\u00f6r skador.<\/p>\n<p dir=\"auto\">&#8211; **V\u00e4rmebest\u00e4ndigt skum**: T\u00e5lig nog att klara av \u00e4ven de mest utmanande uppgifterna.<\/p>\n<p dir=\"auto\">&#8211; **\u00d6ppen cellstruktur**: Ger b\u00e4ttre luftcirkulation som hj\u00e4lper till att h\u00e5lla yttemperaturen nere.<\/p>\n<p dir=\"auto\">&#8211; **F\u00f6rs\u00e4nkt velourunderlag**: F\u00f6r \u00f6kad s\u00e4kerhet och stabilitet under anv\u00e4ndning.<\/p>\n<p dir=\"auto\">&#8211; **Medium till fin skuren**: Perfekt f\u00f6r en finish p\u00e5 alla lacker.<\/p>","protected":false},"excerpt":{"rendered":"<p dir=\"auto\" data-pm-slice=\"1 1 []\">Upplev skillnaden med Blue Ninja Finnishing Pad 140x 25 mm \u2013 det ultimata valet f\u00f6r att ge din lack en perfekt finish! Den innovativa designen med Flex-Cut kanter s\u00e4kerst\u00e4ller en \u00f6verl\u00e4gsen kyleffekt, vilket minskar sp\u00e4nningen i dynans yttre omr\u00e5de och f\u00f6rl\u00e4nger livsl\u00e4ngden avsev\u00e4rt.<\/p>\n<p dir=\"auto\">Denna medium till finish (\u00f6ppna cell) dynan \u00e4r inte bara v\u00e4rmebest\u00e4ndig utan ocks\u00e5 idealisk f\u00f6r att hantera mindre repor p\u00e5 anv\u00e4nda lacker med S2 Black och f\u00f6r att avsluta \u00a0med S30+.<\/p>","protected":false},"featured_media":21898,"comment_status":"open","ping_status":"closed","template":"","meta":[],"etheme_brands":[{"term_id":403,"name":"Scholl Concept","slug":"scholl-concept","term_group":0,"term_taxonomy_id":403,"taxonomy":"brand","description":"","parent":0,"count":34,"filter":"raw"}],"product_brand":[423],"product_cat":[207],"product_tag":[],"class_list":{"0":"post-19592","1":"product","2":"type-product","3":"status-publish","4":"has-post-thumbnail","6":"brand-scholl-concept","7":"product_brand-scholl-concept","8":"product_cat-skumtrissor-135-145-mm","10":"first","11":"instock","12":"taxable","13":"shipping-taxable","14":"purchasable","15":"product-type-simple"},"_links":{"self":[{"href":"https:\/\/streetpower-rekond.se\/newsite\/en\/wp-json\/wp\/v2\/product\/19592","targetHints":{"allow":["GET"]}}],"collection":[{"href":"https:\/\/streetpower-rekond.se\/newsite\/en\/wp-json\/wp\/v2\/product"}],"about":[{"href":"https:\/\/streetpower-rekond.se\/newsite\/en\/wp-json\/wp\/v2\/types\/product"}],"replies":[{"embeddable":true,"href":"https:\/\/streetpower-rekond.se\/newsite\/en\/wp-json\/wp\/v2\/comments?post=19592"}],"version-history":[{"count":1,"href":"https:\/\/streetpower-rekond.se\/newsite\/en\/wp-json\/wp\/v2\/product\/19592\/revisions"}],"predecessor-version":[{"id":23386,"href":"https:\/\/streetpower-rekond.se\/newsite\/en\/wp-json\/wp\/v2\/product\/19592\/revisions\/23386"}],"wp:featuredmedia":[{"embeddable":true,"href":"https:\/\/streetpower-rekond.se\/newsite\/en\/wp-json\/wp\/v2\/media\/21898"}],"wp:attachment":[{"href":"https:\/\/streetpower-rekond.se\/newsite\/en\/wp-json\/wp\/v2\/media?parent=19592"}],"wp:term":[{"taxonomy":"brand","embeddable":true,"href":"https:\/\/streetpower-rekond.se\/newsite\/en\/wp-json\/wp\/v2\/etheme_brands?post=19592"},{"taxonomy":"product_brand","embeddable":true,"href":"https:\/\/streetpower-rekond.se\/newsite\/en\/wp-json\/wp\/v2\/product_brand?post=19592"},{"taxonomy":"product_cat","embeddable":true,"href":"https:\/\/streetpower-rekond.se\/newsite\/en\/wp-json\/wp\/v2\/product_cat?post=19592"},{"taxonomy":"product_tag","embeddable":true,"href":"https:\/\/streetpower-rekond.se\/newsite\/en\/wp-json\/wp\/v2\/product_tag?post=19592"}],"curies":[{"name":"wp","href":"https:\/\/api.w.org\/{rel}","templated":true}]}}