{"id":19559,"date":"2024-12-31T11:05:41","date_gmt":"2024-12-31T11:05:41","guid":{"rendered":"https:\/\/streetpower-rekond.se\/newsite\/product\/water-glass-100ml\/"},"modified":"2025-05-06T07:58:42","modified_gmt":"2025-05-06T07:58:42","slug":"water-glass-100ml","status":"publish","type":"product","link":"https:\/\/streetpower-rekond.se\/newsite\/en\/product\/water-glass-100ml\/","title":{"rendered":"Water Glass 100ml"},"content":{"rendered":"<p>Sp\u00e4d 30ml Water Glass med 1:9 och \u00e4nda upp til 1:15-20 med vatten och skaka.<br \/>\nVi rekommenderar en sprayflaska f\u00f6r snabb och enkel applicering p\u00e5 stora ytor.<br \/>\nH\u00e5llbarhet: Upp till 3-6 m\u00e5nader<\/p>\n<p><span style=\"color: #d0121a;\"><strong>2.1 Klassificering av \u00e4mnet eller blandingen<\/strong><\/span><\/p>\n<p>Inte klassificerad enligt Regulation (EC) No1272\/2008.<\/p>\n<p><span style=\"color: #d0121a;\"><strong>2.2 M\u00e4rkningsuppgifter<\/strong><\/span><\/p>\n<p>Utg\u00e5r<\/p>","protected":false},"excerpt":{"rendered":"<p>Water Glass kan vara den mest revolutionerande och den enklaste bilv\u00e5rdsprodukten du n\u00e5gonsin kommer att k\u00f6pa!<br \/>\nWater Glass \u00e4r en spray-on, sk\u00f6lj-av lackskydd som ger ett varaktig skydd och h\u00e4pnadsv\u00e4ckande vattenavst\u00f6tande egenskaper.<\/p>","protected":false},"featured_media":20318,"comment_status":"open","ping_status":"closed","template":"","meta":[],"etheme_brands":[],"product_brand":[],"product_cat":[210],"product_tag":[],"class_list":{"0":"post-19559","1":"product","2":"type-product","3":"status-publish","4":"has-post-thumbnail","6":"product_cat-keramiska-lackskydd","8":"first","9":"instock","10":"taxable","11":"shipping-taxable","12":"purchasable","13":"product-type-simple"},"_links":{"self":[{"href":"https:\/\/streetpower-rekond.se\/newsite\/en\/wp-json\/wp\/v2\/product\/19559","targetHints":{"allow":["GET"]}}],"collection":[{"href":"https:\/\/streetpower-rekond.se\/newsite\/en\/wp-json\/wp\/v2\/product"}],"about":[{"href":"https:\/\/streetpower-rekond.se\/newsite\/en\/wp-json\/wp\/v2\/types\/product"}],"replies":[{"embeddable":true,"href":"https:\/\/streetpower-rekond.se\/newsite\/en\/wp-json\/wp\/v2\/comments?post=19559"}],"version-history":[{"count":0,"href":"https:\/\/streetpower-rekond.se\/newsite\/en\/wp-json\/wp\/v2\/product\/19559\/revisions"}],"wp:featuredmedia":[{"embeddable":true,"href":"https:\/\/streetpower-rekond.se\/newsite\/en\/wp-json\/wp\/v2\/media\/20318"}],"wp:attachment":[{"href":"https:\/\/streetpower-rekond.se\/newsite\/en\/wp-json\/wp\/v2\/media?parent=19559"}],"wp:term":[{"taxonomy":"brand","embeddable":true,"href":"https:\/\/streetpower-rekond.se\/newsite\/en\/wp-json\/wp\/v2\/etheme_brands?post=19559"},{"taxonomy":"product_brand","embeddable":true,"href":"https:\/\/streetpower-rekond.se\/newsite\/en\/wp-json\/wp\/v2\/product_brand?post=19559"},{"taxonomy":"product_cat","embeddable":true,"href":"https:\/\/streetpower-rekond.se\/newsite\/en\/wp-json\/wp\/v2\/product_cat?post=19559"},{"taxonomy":"product_tag","embeddable":true,"href":"https:\/\/streetpower-rekond.se\/newsite\/en\/wp-json\/wp\/v2\/product_tag?post=19559"}],"curies":[{"name":"wp","href":"https:\/\/api.w.org\/{rel}","templated":true}]}}