{"id":22572,"date":"2025-03-22T09:12:25","date_gmt":"2025-03-22T09:12:25","guid":{"rendered":"https:\/\/streetpower-rekond.se\/newsite\/?page_id=22572"},"modified":"2025-03-22T14:03:28","modified_gmt":"2025-03-22T14:03:28","slug":"vanliga-fragor","status":"publish","type":"page","link":"https:\/\/streetpower-rekond.se\/newsite\/en\/vanliga-fragor\/","title":{"rendered":"Vanliga fr\u00e5gor"},"content":{"rendered":"<div data-elementor-type=\"wp-page\" data-elementor-id=\"22572\" class=\"elementor elementor-22572\" data-elementor-post-type=\"page\">\n\t\t\t\t<div class=\"elementor-element elementor-element-f1cec8e e-flex e-con-boxed e-con e-parent\" data-id=\"f1cec8e\" data-element_type=\"container\" data-e-type=\"container\">\n\t\t\t\t\t<div class=\"e-con-inner\">\n\t\t\t\t<div class=\"elementor-element elementor-element-90fa3be elementor-widget elementor-widget-text-editor\" data-id=\"90fa3be\" data-element_type=\"widget\" data-e-type=\"widget\" data-widget_type=\"text-editor.default\">\n\t\t\t\t<div class=\"elementor-widget-container\">\n\t\t\t\t\t\t\t\t\t<p dir=\"auto\" data-pm-slice=\"1 1 []\">V\u00e4lkommen till v\u00e5r FAQ \/ Vanliga fr\u00e5gor, d\u00e4r du snabbt kan hitta svaren p\u00e5 dina funderingar och f\u00e5 hj\u00e4lp med best\u00e4llningar och leveranser.<\/p><p dir=\"auto\">**Best\u00e4llning &amp; Leverans:**<\/p><p dir=\"auto\">\u2013 **Hur l\u00e5ng \u00e4r leveranstiden?** Normalt 1-2 arbetsdagar.<\/p><p dir=\"auto\">\u2013 **Vilka betalningsmetoder erbjuder ni?** Vi accepterar Klarna, Swish och kortbetalning.<\/p><p dir=\"auto\">\u2013 **Erbjuder ni fri frakt \u00f6ver ett visst belopp?** Ja, vi erbjuder fri frakt p\u00e5 best\u00e4llningar \u00f6ver 1200:- eller upp till 20 kg.<\/p><p dir=\"auto\">\u2013 **Vilka frakts\u00e4tt har ni?** V\u00e4lj mellan DHL eller h\u00e4mta din best\u00e4llning direkt i v\u00e5r lagershop i Olofstr\u00f6m.<\/p><p dir=\"auto\">\u2013 **Kan jag sp\u00e5ra min order?** Absolut! Du f\u00e5r ett mail med ditt s\u00e4ndningsnummer s\u00e5 snart din order \u00e4r packad.<\/p><p dir=\"auto\">\u2013 **Kan jag best\u00e4lla som f\u00f6retag?** Sj\u00e4lvklart! Vi har flera olika frakts\u00e4tt direkt till ditt f\u00f6retags d\u00f6rr.<\/p><p dir=\"auto\">**Returer &amp; Reklamationer:**<\/p><p dir=\"auto\">\u2013 **Vad g\u00f6r jag om jag f\u00e5r en skadad produkt?** Kontakta oss omg\u00e5ende via mail p\u00e5 rekond@streetpower.se med ditt ordernummer, s\u00e5 hj\u00e4lper vi dig.<\/p><p dir=\"auto\">\u2013 **Hur returnerar jag en vara?** Skriv till oss p\u00e5 rekond@streetpower.se s\u00e5 assisterar vi dig i processen.<\/p><p dir=\"auto\">\u2013 **Har ni n\u00e5gon n\u00f6jd-kund-garanti?** Ja! Om du har n\u00e5gra fr\u00e5gor eller inte \u00e4r n\u00f6jd med produkten, tveka inte att maila oss p\u00e5 rekond@streetpower.se.<\/p><p dir=\"auto\">**F\u00f6retagsinformation &amp; Support:**<\/p><p dir=\"auto\">\u2013 **Hur kontaktar jag er kundtj\u00e4nst?** Du n\u00e5r v\u00e5r kundtj\u00e4nst via email p\u00e5 rekond@streetpower.se.<\/p><p dir=\"auto\">Vi finns h\u00e4r f\u00f6r att s\u00e4kerst\u00e4lla att din upplevelse med oss blir s\u00e5 smidig och positiv som m\u00f6jligt. Tveka inte att kontakta oss om det \u00e4r n\u00e5got mer du undrar \u00f6ver!<\/p>\t\t\t\t\t\t\t\t<\/div>\n\t\t\t\t<\/div>\n\t\t\t\t\t<\/div>\n\t\t\t\t<\/div>\n\t\t\t\t<\/div>","protected":false},"excerpt":{"rendered":"<p>V\u00e4lkommen till v\u00e5r FAQ \/ Vanliga fr\u00e5gor, d\u00e4r du snabbt kan hitta svaren p\u00e5 dina funderingar och f\u00e5 hj\u00e4lp med best\u00e4llningar och leveranser. **Best\u00e4llning &amp;&#8230;<\/p>","protected":false},"author":4661,"featured_media":0,"parent":0,"menu_order":0,"comment_status":"closed","ping_status":"closed","template":"","meta":{"footnotes":""},"class_list":["post-22572","page","type-page","status-publish","hentry"],"_links":{"self":[{"href":"https:\/\/streetpower-rekond.se\/newsite\/en\/wp-json\/wp\/v2\/pages\/22572","targetHints":{"allow":["GET"]}}],"collection":[{"href":"https:\/\/streetpower-rekond.se\/newsite\/en\/wp-json\/wp\/v2\/pages"}],"about":[{"href":"https:\/\/streetpower-rekond.se\/newsite\/en\/wp-json\/wp\/v2\/types\/page"}],"author":[{"embeddable":true,"href":"https:\/\/streetpower-rekond.se\/newsite\/en\/wp-json\/wp\/v2\/users\/4661"}],"replies":[{"embeddable":true,"href":"https:\/\/streetpower-rekond.se\/newsite\/en\/wp-json\/wp\/v2\/comments?post=22572"}],"version-history":[{"count":4,"href":"https:\/\/streetpower-rekond.se\/newsite\/en\/wp-json\/wp\/v2\/pages\/22572\/revisions"}],"predecessor-version":[{"id":22669,"href":"https:\/\/streetpower-rekond.se\/newsite\/en\/wp-json\/wp\/v2\/pages\/22572\/revisions\/22669"}],"wp:attachment":[{"href":"https:\/\/streetpower-rekond.se\/newsite\/en\/wp-json\/wp\/v2\/media?parent=22572"}],"curies":[{"name":"wp","href":"https:\/\/api.w.org\/{rel}","templated":true}]}}