{"id":22565,"date":"2025-03-22T08:47:23","date_gmt":"2025-03-22T08:47:23","guid":{"rendered":"https:\/\/streetpower-rekond.se\/newsite\/?page_id=22565"},"modified":"2025-03-24T11:22:57","modified_gmt":"2025-03-24T11:22:57","slug":"om-streetoower-rekond","status":"publish","type":"page","link":"https:\/\/streetpower-rekond.se\/newsite\/en\/om-streetoower-rekond\/","title":{"rendered":"Om Streetoower-rekond"},"content":{"rendered":"<div data-elementor-type=\"wp-page\" data-elementor-id=\"22565\" class=\"elementor elementor-22565\" data-elementor-post-type=\"page\">\n\t\t\t\t\t\t<section class=\"elementor-section elementor-top-section elementor-element elementor-element-a29285a elementor-section-stretched elementor-section-boxed elementor-section-height-default elementor-section-height-default\" data-id=\"a29285a\" data-element_type=\"section\" data-e-type=\"section\" data-settings=\"{&quot;stretch_section&quot;:&quot;section-stretched&quot;,&quot;background_background&quot;:&quot;classic&quot;}\">\n\t\t\t\t\t\t<div class=\"elementor-container elementor-column-gap-no\">\n\t\t\t\t\t<div class=\"elementor-column elementor-col-100 elementor-top-column elementor-element elementor-element-2159e4c\" data-id=\"2159e4c\" data-element_type=\"column\" data-e-type=\"column\">\n\t\t\t<div class=\"elementor-widget-wrap elementor-element-populated\">\n\t\t\t\t\t\t<div class=\"elementor-element elementor-element-1ea6693 elementor-widget elementor-widget-heading\" data-id=\"1ea6693\" data-element_type=\"widget\" data-e-type=\"widget\" data-widget_type=\"heading.default\">\n\t\t\t\t<div class=\"elementor-widget-container\">\n\t\t\t\t\t<h2 class=\"elementor-heading-title elementor-size-default\">Om oss\n<\/h2>\t\t\t\t<\/div>\n\t\t\t\t<\/div>\n\t\t\t\t\t<\/div>\n\t\t<\/div>\n\t\t\t\t\t<\/div>\n\t\t<\/section>\n\t\t\t\t<section class=\"elementor-section elementor-top-section elementor-element elementor-element-1bdaa62 elementor-section-content-middle elementor-section-boxed elementor-section-height-default elementor-section-height-default\" data-id=\"1bdaa62\" data-element_type=\"section\" data-e-type=\"section\">\n\t\t\t\t\t\t<div class=\"elementor-container elementor-column-gap-custom\">\n\t\t\t\t\t<div class=\"elementor-column elementor-col-25 elementor-top-column elementor-element elementor-element-941bd86\" data-id=\"941bd86\" data-element_type=\"column\" data-e-type=\"column\">\n\t\t\t<div class=\"elementor-widget-wrap elementor-element-populated\">\n\t\t\t\t\t\t<div class=\"elementor-element elementor-element-82a5ce1 elementor-widget elementor-widget-heading\" data-id=\"82a5ce1\" data-element_type=\"widget\" data-e-type=\"widget\" data-widget_type=\"heading.default\">\n\t\t\t\t<div class=\"elementor-widget-container\">\n\t\t\t\t\t<h2 class=\"elementor-heading-title elementor-size-default\">Streetpower-rekond<\/h2>\t\t\t\t<\/div>\n\t\t\t\t<\/div>\n\t\t\t\t<div class=\"elementor-element elementor-element-d3069b8 elementor-widget elementor-widget-text-editor\" data-id=\"d3069b8\" data-element_type=\"widget\" data-e-type=\"widget\" data-widget_type=\"text-editor.default\">\n\t\t\t\t<div class=\"elementor-widget-container\">\n\t\t\t\t\t\t\t\t\t<p>Uppt\u00e4ck passionen och expertisen bakom Streetpower rekord \u2013 grundades v\u00e5ren 2003 i \u00a0Olofstr\u00f6m, Blekinge. Med \u00f6ver tv\u00e5 decennier av erfarenhet inom bilv\u00e5rd \u00e4r vi idag stolta att vara en del av Viking Norden AB, ett namn som st\u00e5r f\u00f6r kvalitet och p\u00e5litlighet. Vi erbjuder ett brett sortiment av v\u00e4rldsk\u00e4nda m\u00e4rken, inklusive kvalitetsprodukter fr\u00e5n Ultracoat, Scholl Concepts och de v\u00e4lk\u00e4nda Viking pads. V\u00e5rt fokus ligger p\u00e5 att ge v\u00e5ra kunder det b\u00e4sta inom bilv\u00e5rd &#8211; produkter som inte bara skyddar din investering utan ocks\u00e5 f\u00e5r din bil att se fantastisk ut. V\u00e4lj Streetpower-rekond f\u00f6r dina bilv\u00e5rdsbehov och upplev skillnaden. Du f\u00f6rtj\u00e4nar det b\u00e4sta, s\u00e5 ta steget idag och g\u00f6r en best\u00e4llning!<\/p>\t\t\t\t\t\t\t\t<\/div>\n\t\t\t\t<\/div>\n\t\t\t\t\t<\/div>\n\t\t<\/div>\n\t\t\t\t<div class=\"elementor-column elementor-col-25 elementor-top-column elementor-element elementor-element-4469022\" data-id=\"4469022\" data-element_type=\"column\" data-e-type=\"column\">\n\t\t\t<div class=\"elementor-widget-wrap elementor-element-populated\">\n\t\t\t\t\t\t<div class=\"elementor-element elementor-element-9ea88a1 elementor-align-center elementor-widget elementor-widget-etheme_icon_box\" data-id=\"9ea88a1\" data-element_type=\"widget\" data-e-type=\"widget\" data-widget_type=\"etheme_icon_box.default\">\n\t\t\t\t<div class=\"elementor-widget-container\">\n\t\t\t\t\t\t\t\t<div class=\"etheme-icon-box etheme-icon-box-icon-position-top\">\r\n        \r\n                            \r\n                <div class=\"etheme-icon-box-icon etheme-icon-box-icon-type-icon\">\r\n        \r\n                <i aria-hidden=\"true\" class=\"et-icon et-delivery\"><\/i>        \r\n                <\/div>\r\n            \r\n                <div class=\"etheme-icon-box-content\">\r\n\t\t\r\n                                        \r\n                                            <h3 class=\"etheme-icon-box-title\">\r\n                            <span>Fri frakt \u00f6ver 1200kr<\/span>\r\n                        <\/h3>\r\n                    \t\t\r\n                                            <p class=\"etheme-icon-box-description\">\r\n                            Skickas med DHL\n                        <\/p>\r\n                    \r\n                            \r\n                <\/div>\r\n\t\t\t<\/div>\r\n\t\t\t\t\t\t<\/div>\n\t\t\t\t<\/div>\n\t\t\t\t\t<\/div>\n\t\t<\/div>\n\t\t\t\t<div class=\"elementor-column elementor-col-25 elementor-top-column elementor-element elementor-element-89678ca\" data-id=\"89678ca\" data-element_type=\"column\" data-e-type=\"column\">\n\t\t\t<div class=\"elementor-widget-wrap elementor-element-populated\">\n\t\t\t\t\t\t<div class=\"elementor-element elementor-element-a059516 elementor-align-center elementor-widget elementor-widget-etheme_icon_box\" data-id=\"a059516\" data-element_type=\"widget\" data-e-type=\"widget\" data-widget_type=\"etheme_icon_box.default\">\n\t\t\t\t<div class=\"elementor-widget-container\">\n\t\t\t\t\t\t\t\t<div class=\"etheme-icon-box etheme-icon-box-icon-position-top\">\r\n        \r\n                            \r\n                <div class=\"etheme-icon-box-icon etheme-icon-box-icon-type-icon\">\r\n        \r\n                <i aria-hidden=\"true\" class=\"et-icon et-internet\"><\/i>        \r\n                <\/div>\r\n            \r\n                <div class=\"etheme-icon-box-content\">\r\n\t\t\r\n                                        \r\n                                            <h3 class=\"etheme-icon-box-title\">\r\n                            <span>24\/7 Support<\/span>\r\n                        <\/h3>\r\n                    \t\t\r\n                                            <p class=\"etheme-icon-box-description\">\r\n                            Support i V\u00e4rldsklass\n                        <\/p>\r\n                    \r\n                            \r\n                <\/div>\r\n\t\t\t<\/div>\r\n\t\t\t\t\t\t<\/div>\n\t\t\t\t<\/div>\n\t\t\t\t\t<\/div>\n\t\t<\/div>\n\t\t\t\t<div class=\"elementor-column elementor-col-25 elementor-top-column elementor-element elementor-element-810a895\" data-id=\"810a895\" data-element_type=\"column\" data-e-type=\"column\">\n\t\t\t<div class=\"elementor-widget-wrap elementor-element-populated\">\n\t\t\t\t\t\t<div class=\"elementor-element elementor-element-2bd9e81 elementor-align-center elementor-widget elementor-widget-etheme_icon_box\" data-id=\"2bd9e81\" data-element_type=\"widget\" data-e-type=\"widget\" data-widget_type=\"etheme_icon_box.default\">\n\t\t\t\t<div class=\"elementor-widget-container\">\n\t\t\t\t\t\t\t\t<div class=\"etheme-icon-box etheme-icon-box-icon-position-top\">\r\n        \r\n                            \r\n                <div class=\"etheme-icon-box-icon etheme-icon-box-icon-type-icon\">\r\n        \r\n                <i aria-hidden=\"true\" class=\"et-icon et-checked\"><\/i>        \r\n                <\/div>\r\n            \r\n                <div class=\"etheme-icon-box-content\">\r\n\t\t\r\n                                        \r\n                                            <h3 class=\"etheme-icon-box-title\">\r\n                            <span>100% Kvalitet<\/span>\r\n                        <\/h3>\r\n                    \t\t\r\n                                            <p class=\"etheme-icon-box-description\">\r\n                            Kvalitet fr\u00e5n stora m\u00e4rken                         <\/p>\r\n                    \r\n                            \r\n                <\/div>\r\n\t\t\t<\/div>\r\n\t\t\t\t\t\t<\/div>\n\t\t\t\t<\/div>\n\t\t\t\t\t<\/div>\n\t\t<\/div>\n\t\t\t\t\t<\/div>\n\t\t<\/section>\n\t\t\t\t<section class=\"elementor-section elementor-top-section elementor-element elementor-element-6abe44e elementor-section-boxed elementor-section-height-default elementor-section-height-default\" data-id=\"6abe44e\" data-element_type=\"section\" data-e-type=\"section\">\n\t\t\t\t\t\t<div class=\"elementor-container elementor-column-gap-no\">\n\t\t\t\t\t<div class=\"elementor-column elementor-col-100 elementor-top-column elementor-element elementor-element-2930b0f\" data-id=\"2930b0f\" data-element_type=\"column\" data-e-type=\"column\">\n\t\t\t<div class=\"elementor-widget-wrap elementor-element-populated\">\n\t\t\t\t\t\t<div class=\"elementor-element elementor-element-05cc328 elementor-widget elementor-widget-etheme_brands\" data-id=\"05cc328\" data-element_type=\"widget\" data-e-type=\"widget\" data-widget_type=\"etheme_brands.default\">\n\t\t\t\t<div class=\"elementor-widget-container\">\n\t\t\t\t\t        <link rel=\"stylesheet\" href=\"https:\/\/streetpower-rekond.se\/newsite\/wp-content\/themes\/xstore\/css\/modules\/woocommerce\/brands-carousel.min.css?ver=0.0.1\" type=\"text\/css\" media=\"all\" \/> \t\t\r\n            <div class=\"swiper-entry brands-carousel middle arrows-hover\">\r\n\r\n                <div class=\"swiper-container  brands-carousel-6473\" data-breakpoints=\"1\" data-xs-slides=\"1\" data-sm-slides=\"4\" data-md-slides=\"6\" data-lt-slides=\"6\" data-slides-per-view=\"6\" data-space=\"30\" data-autoplay=\"\" data-slides-per-group=\"1\" data-speed=\"300\" data-loop=\"true\">\r\n\r\n                    <div class=\"swiper-wrapper\">\r\n\r\n\t\t\t\t\t\t\r\n                            <div class=\"swiper-slide\">\r\n\r\n                            <div class=\"categories-mask\">\r\n\r\n\t\t\t\t\t\t\t\r\n                            <a href=\"https:\/\/streetpower-rekond.se\/newsite\/en\/brand\/black-mamba\/\" title=\"Black Mamba\">\r\n\r\n\t\t\t\t\t\t\t\t<img fetchpriority=\"high\" decoding=\"async\" width=\"300\" height=\"191\" src=\"https:\/\/streetpower-rekond.se\/newsite\/wp-content\/uploads\/2025\/03\/10001-1-300x191.png\" class=\"\" alt=\"\" srcset=\"https:\/\/streetpower-rekond.se\/newsite\/wp-content\/uploads\/2025\/03\/10001-1-300x191.png 300w, https:\/\/streetpower-rekond.se\/newsite\/wp-content\/uploads\/2025\/03\/10001-1-600x382.png 600w, https:\/\/streetpower-rekond.se\/newsite\/wp-content\/uploads\/2025\/03\/10001-1-18x12.png 18w, https:\/\/streetpower-rekond.se\/newsite\/wp-content\/uploads\/2025\/03\/10001-1-1x1.png 1w, https:\/\/streetpower-rekond.se\/newsite\/wp-content\/uploads\/2025\/03\/10001-1-10x6.png 10w, https:\/\/streetpower-rekond.se\/newsite\/wp-content\/uploads\/2025\/03\/10001-1.png 644w\" sizes=\"(max-width: 300px) 100vw, 300px\" title=\"\">\r\n                            <\/a>\r\n\r\n\t\t\t\t\t\t\r\n                            <\/div>\r\n                            <\/div>\r\n\t\t\t\t\t\t\t\r\n                            <div class=\"swiper-slide\">\r\n\r\n                            <div class=\"categories-mask\">\r\n\r\n\t\t\t\t\t\t\t\r\n                            <a href=\"https:\/\/streetpower-rekond.se\/newsite\/en\/brand\/blue-green\/\" title=\"Blue &amp; Green\">\r\n\r\n\t\t\t\t\t\t\t\t<img decoding=\"async\" width=\"225\" height=\"225\" src=\"https:\/\/streetpower-rekond.se\/newsite\/wp-content\/uploads\/2025\/03\/36.png\" class=\"\" alt=\"\" srcset=\"https:\/\/streetpower-rekond.se\/newsite\/wp-content\/uploads\/2025\/03\/36.png 225w, https:\/\/streetpower-rekond.se\/newsite\/wp-content\/uploads\/2025\/03\/36-100x100.png 100w, https:\/\/streetpower-rekond.se\/newsite\/wp-content\/uploads\/2025\/03\/36-150x150.png 150w, https:\/\/streetpower-rekond.se\/newsite\/wp-content\/uploads\/2025\/03\/36-12x12.png 12w, https:\/\/streetpower-rekond.se\/newsite\/wp-content\/uploads\/2025\/03\/36-1x1.png 1w, https:\/\/streetpower-rekond.se\/newsite\/wp-content\/uploads\/2025\/03\/36-10x10.png 10w\" sizes=\"(max-width: 225px) 100vw, 225px\" title=\"\">\r\n                            <\/a>\r\n\r\n\t\t\t\t\t\t\r\n                            <\/div>\r\n                            <\/div>\r\n\t\t\t\t\t\t\t\r\n                            <div class=\"swiper-slide\">\r\n\r\n                            <div class=\"categories-mask\">\r\n\r\n\t\t\t\t\t\t\t\r\n                            <a href=\"https:\/\/streetpower-rekond.se\/newsite\/en\/brand\/bla-gron\/\" title=\"Bl\u00e5 &amp; Gr\u00f6n\">\r\n\r\n\t\t\t\t\t\t\t\t<img decoding=\"async\" width=\"225\" height=\"225\" src=\"https:\/\/streetpower-rekond.se\/newsite\/wp-content\/uploads\/2025\/03\/36.png\" class=\"\" alt=\"\" srcset=\"https:\/\/streetpower-rekond.se\/newsite\/wp-content\/uploads\/2025\/03\/36.png 225w, https:\/\/streetpower-rekond.se\/newsite\/wp-content\/uploads\/2025\/03\/36-100x100.png 100w, https:\/\/streetpower-rekond.se\/newsite\/wp-content\/uploads\/2025\/03\/36-150x150.png 150w, https:\/\/streetpower-rekond.se\/newsite\/wp-content\/uploads\/2025\/03\/36-12x12.png 12w, https:\/\/streetpower-rekond.se\/newsite\/wp-content\/uploads\/2025\/03\/36-1x1.png 1w, https:\/\/streetpower-rekond.se\/newsite\/wp-content\/uploads\/2025\/03\/36-10x10.png 10w\" sizes=\"(max-width: 225px) 100vw, 225px\" title=\"\">\r\n                            <\/a>\r\n\r\n\t\t\t\t\t\t\r\n                            <\/div>\r\n                            <\/div>\r\n\t\t\t\t\t\t\t\r\n                            <div class=\"swiper-slide\">\r\n\r\n                            <div class=\"categories-mask\">\r\n\r\n\t\t\t\t\t\t\t\r\n                            <a href=\"https:\/\/streetpower-rekond.se\/newsite\/en\/brand\/chemicalworkz\/\" title=\"chemicalworkz\">\r\n\r\n\t\t\t\t\t\t\t\t<img decoding=\"async\" width=\"225\" height=\"225\" src=\"https:\/\/streetpower-rekond.se\/newsite\/wp-content\/uploads\/2025\/03\/cmecialworks.jpg\" class=\"\" alt=\"\" srcset=\"https:\/\/streetpower-rekond.se\/newsite\/wp-content\/uploads\/2025\/03\/cmecialworks.jpg 225w, https:\/\/streetpower-rekond.se\/newsite\/wp-content\/uploads\/2025\/03\/cmecialworks-100x100.jpg 100w, https:\/\/streetpower-rekond.se\/newsite\/wp-content\/uploads\/2025\/03\/cmecialworks-150x150.jpg 150w, https:\/\/streetpower-rekond.se\/newsite\/wp-content\/uploads\/2025\/03\/cmecialworks-12x12.jpg 12w, https:\/\/streetpower-rekond.se\/newsite\/wp-content\/uploads\/2025\/03\/cmecialworks-1x1.jpg 1w, https:\/\/streetpower-rekond.se\/newsite\/wp-content\/uploads\/2025\/03\/cmecialworks-10x10.jpg 10w\" sizes=\"(max-width: 225px) 100vw, 225px\" title=\"\">\r\n                            <\/a>\r\n\r\n\t\t\t\t\t\t\r\n                            <\/div>\r\n                            <\/div>\r\n\t\t\t\t\t\t\t\r\n                            <div class=\"swiper-slide\">\r\n\r\n                            <div class=\"categories-mask\">\r\n\r\n\t\t\t\t\t\t\t\r\n                            <a href=\"https:\/\/streetpower-rekond.se\/newsite\/en\/brand\/flytande-element\/\" title=\"Flytande element\">\r\n\r\n\t\t\t\t\t\t\t\t<img loading=\"lazy\" decoding=\"async\" width=\"200\" height=\"200\" src=\"https:\/\/streetpower-rekond.se\/newsite\/wp-content\/uploads\/2025\/03\/48-small_default.jpg\" class=\"\" alt=\"\" srcset=\"https:\/\/streetpower-rekond.se\/newsite\/wp-content\/uploads\/2025\/03\/48-small_default.jpg 200w, https:\/\/streetpower-rekond.se\/newsite\/wp-content\/uploads\/2025\/03\/48-small_default-100x100.jpg 100w, https:\/\/streetpower-rekond.se\/newsite\/wp-content\/uploads\/2025\/03\/48-small_default-150x150.jpg 150w, https:\/\/streetpower-rekond.se\/newsite\/wp-content\/uploads\/2025\/03\/48-small_default-12x12.jpg 12w, https:\/\/streetpower-rekond.se\/newsite\/wp-content\/uploads\/2025\/03\/48-small_default-1x1.jpg 1w, https:\/\/streetpower-rekond.se\/newsite\/wp-content\/uploads\/2025\/03\/48-small_default-10x10.jpg 10w\" sizes=\"(max-width: 200px) 100vw, 200px\" title=\"\">\r\n                            <\/a>\r\n\r\n\t\t\t\t\t\t\r\n                            <\/div>\r\n                            <\/div>\r\n\t\t\t\t\t\t\t\r\n                            <div class=\"swiper-slide\">\r\n\r\n                            <div class=\"categories-mask\">\r\n\r\n\t\t\t\t\t\t\t\r\n                            <a href=\"https:\/\/streetpower-rekond.se\/newsite\/en\/brand\/flytande-element-kem\/\" title=\"Flytande element KEM\">\r\n\r\n\t\t\t\t\t\t\t\t<img loading=\"lazy\" decoding=\"async\" width=\"250\" height=\"250\" src=\"https:\/\/streetpower-rekond.se\/newsite\/wp-content\/uploads\/2025\/03\/sv-1.jpg\" class=\"\" alt=\"\" srcset=\"https:\/\/streetpower-rekond.se\/newsite\/wp-content\/uploads\/2025\/03\/sv-1.jpg 250w, https:\/\/streetpower-rekond.se\/newsite\/wp-content\/uploads\/2025\/03\/sv-1-100x100.jpg 100w, https:\/\/streetpower-rekond.se\/newsite\/wp-content\/uploads\/2025\/03\/sv-1-150x150.jpg 150w, https:\/\/streetpower-rekond.se\/newsite\/wp-content\/uploads\/2025\/03\/sv-1-12x12.jpg 12w, https:\/\/streetpower-rekond.se\/newsite\/wp-content\/uploads\/2025\/03\/sv-1-1x1.jpg 1w, https:\/\/streetpower-rekond.se\/newsite\/wp-content\/uploads\/2025\/03\/sv-1-10x10.jpg 10w\" sizes=\"(max-width: 250px) 100vw, 250px\" title=\"\">\r\n                            <\/a>\r\n\r\n\t\t\t\t\t\t\r\n                            <\/div>\r\n                            <\/div>\r\n\t\t\t\t\t\t\t\r\n                            <div class=\"swiper-slide\">\r\n\r\n                            <div class=\"categories-mask\">\r\n\r\n\t\t\t\t\t\t\t\r\n                            <a href=\"https:\/\/streetpower-rekond.se\/newsite\/en\/brand\/foen\/\" title=\"FOEN\">\r\n\r\n\t\t\t\t\t\t\t\t<img loading=\"lazy\" decoding=\"async\" width=\"300\" height=\"67\" src=\"https:\/\/streetpower-rekond.se\/newsite\/wp-content\/uploads\/2025\/03\/logoTop2-300x67-1.png\" class=\"\" alt=\"Foen\" srcset=\"https:\/\/streetpower-rekond.se\/newsite\/wp-content\/uploads\/2025\/03\/logoTop2-300x67-1.png 300w, https:\/\/streetpower-rekond.se\/newsite\/wp-content\/uploads\/2025\/03\/logoTop2-300x67-1-18x4.png 18w, https:\/\/streetpower-rekond.se\/newsite\/wp-content\/uploads\/2025\/03\/logoTop2-300x67-1-1x1.png 1w, https:\/\/streetpower-rekond.se\/newsite\/wp-content\/uploads\/2025\/03\/logoTop2-300x67-1-10x2.png 10w\" sizes=\"(max-width: 300px) 100vw, 300px\" title=\"\">\r\n                            <\/a>\r\n\r\n\t\t\t\t\t\t\r\n                            <\/div>\r\n                            <\/div>\r\n\t\t\t\t\t\t\t\r\n                            <div class=\"swiper-slide\">\r\n\r\n                            <div class=\"categories-mask\">\r\n\r\n\t\t\t\t\t\t\t\r\n                            <a href=\"https:\/\/streetpower-rekond.se\/newsite\/en\/brand\/g-tec-lackeringar\/\" title=\"G-TEC lackeringar\">\r\n\r\n\t\t\t\t\t\t\t\t<img loading=\"lazy\" decoding=\"async\" width=\"200\" height=\"200\" src=\"https:\/\/streetpower-rekond.se\/newsite\/wp-content\/uploads\/2025\/03\/47-small_default-1.png\" class=\"\" alt=\"\" srcset=\"https:\/\/streetpower-rekond.se\/newsite\/wp-content\/uploads\/2025\/03\/47-small_default-1.png 200w, https:\/\/streetpower-rekond.se\/newsite\/wp-content\/uploads\/2025\/03\/47-small_default-1-100x100.png 100w, https:\/\/streetpower-rekond.se\/newsite\/wp-content\/uploads\/2025\/03\/47-small_default-1-150x150.png 150w, https:\/\/streetpower-rekond.se\/newsite\/wp-content\/uploads\/2025\/03\/47-small_default-1-12x12.png 12w, https:\/\/streetpower-rekond.se\/newsite\/wp-content\/uploads\/2025\/03\/47-small_default-1-1x1.png 1w, https:\/\/streetpower-rekond.se\/newsite\/wp-content\/uploads\/2025\/03\/47-small_default-1-10x10.png 10w\" sizes=\"(max-width: 200px) 100vw, 200px\" title=\"\">\r\n                            <\/a>\r\n\r\n\t\t\t\t\t\t\r\n                            <\/div>\r\n                            <\/div>\r\n\t\t\t\t\t\t\t\r\n                            <div class=\"swiper-slide\">\r\n\r\n                            <div class=\"categories-mask\">\r\n\r\n\t\t\t\t\t\t\t\r\n                            <a href=\"https:\/\/streetpower-rekond.se\/newsite\/en\/brand\/koch-chemie\/\" title=\"Koch-Chemie\">\r\n\r\n\t\t\t\t\t\t\t\t<img loading=\"lazy\" decoding=\"async\" width=\"200\" height=\"200\" src=\"https:\/\/streetpower-rekond.se\/newsite\/wp-content\/uploads\/2025\/03\/59-small_default.jpg\" class=\"\" alt=\"\" srcset=\"https:\/\/streetpower-rekond.se\/newsite\/wp-content\/uploads\/2025\/03\/59-small_default.jpg 200w, https:\/\/streetpower-rekond.se\/newsite\/wp-content\/uploads\/2025\/03\/59-small_default-100x100.jpg 100w, https:\/\/streetpower-rekond.se\/newsite\/wp-content\/uploads\/2025\/03\/59-small_default-150x150.jpg 150w, https:\/\/streetpower-rekond.se\/newsite\/wp-content\/uploads\/2025\/03\/59-small_default-12x12.jpg 12w, https:\/\/streetpower-rekond.se\/newsite\/wp-content\/uploads\/2025\/03\/59-small_default-1x1.jpg 1w, https:\/\/streetpower-rekond.se\/newsite\/wp-content\/uploads\/2025\/03\/59-small_default-10x10.jpg 10w\" sizes=\"(max-width: 200px) 100vw, 200px\" title=\"\">\r\n                            <\/a>\r\n\r\n\t\t\t\t\t\t\r\n                            <\/div>\r\n                            <\/div>\r\n\t\t\t\t\t\t\t\r\n                            <div class=\"swiper-slide\">\r\n\r\n                            <div class=\"categories-mask\">\r\n\r\n\t\t\t\t\t\t\t\r\n                            <a href=\"https:\/\/streetpower-rekond.se\/newsite\/en\/brand\/liquid-elements\/\" title=\"Liquid Elements\">\r\n\r\n\t\t\t\t\t\t\t\t<img loading=\"lazy\" decoding=\"async\" width=\"200\" height=\"200\" src=\"https:\/\/streetpower-rekond.se\/newsite\/wp-content\/uploads\/2025\/03\/48-small_default.jpg\" class=\"\" alt=\"\" srcset=\"https:\/\/streetpower-rekond.se\/newsite\/wp-content\/uploads\/2025\/03\/48-small_default.jpg 200w, https:\/\/streetpower-rekond.se\/newsite\/wp-content\/uploads\/2025\/03\/48-small_default-100x100.jpg 100w, https:\/\/streetpower-rekond.se\/newsite\/wp-content\/uploads\/2025\/03\/48-small_default-150x150.jpg 150w, https:\/\/streetpower-rekond.se\/newsite\/wp-content\/uploads\/2025\/03\/48-small_default-12x12.jpg 12w, https:\/\/streetpower-rekond.se\/newsite\/wp-content\/uploads\/2025\/03\/48-small_default-1x1.jpg 1w, https:\/\/streetpower-rekond.se\/newsite\/wp-content\/uploads\/2025\/03\/48-small_default-10x10.jpg 10w\" sizes=\"(max-width: 200px) 100vw, 200px\" title=\"\">\r\n                            <\/a>\r\n\r\n\t\t\t\t\t\t\r\n                            <\/div>\r\n                            <\/div>\r\n\t\t\t\t\t\t\t\r\n                            <div class=\"swiper-slide\">\r\n\r\n                            <div class=\"categories-mask\">\r\n\r\n\t\t\t\t\t\t\t\r\n                            <a href=\"https:\/\/streetpower-rekond.se\/newsite\/en\/brand\/liquid-elements-kem\/\" title=\"Liquid Elements KEM\">\r\n\r\n\t\t\t\t\t\t\t\t<img loading=\"lazy\" decoding=\"async\" width=\"250\" height=\"250\" src=\"https:\/\/streetpower-rekond.se\/newsite\/wp-content\/uploads\/2025\/03\/sv-1.jpg\" class=\"\" alt=\"\" srcset=\"https:\/\/streetpower-rekond.se\/newsite\/wp-content\/uploads\/2025\/03\/sv-1.jpg 250w, https:\/\/streetpower-rekond.se\/newsite\/wp-content\/uploads\/2025\/03\/sv-1-100x100.jpg 100w, https:\/\/streetpower-rekond.se\/newsite\/wp-content\/uploads\/2025\/03\/sv-1-150x150.jpg 150w, https:\/\/streetpower-rekond.se\/newsite\/wp-content\/uploads\/2025\/03\/sv-1-12x12.jpg 12w, https:\/\/streetpower-rekond.se\/newsite\/wp-content\/uploads\/2025\/03\/sv-1-1x1.jpg 1w, https:\/\/streetpower-rekond.se\/newsite\/wp-content\/uploads\/2025\/03\/sv-1-10x10.jpg 10w\" sizes=\"(max-width: 250px) 100vw, 250px\" title=\"\">\r\n                            <\/a>\r\n\r\n\t\t\t\t\t\t\r\n                            <\/div>\r\n                            <\/div>\r\n\t\t\t\t\t\t\t\r\n                            <div class=\"swiper-slide\">\r\n\r\n                            <div class=\"categories-mask\">\r\n\r\n\t\t\t\t\t\t\t\r\n                            <a href=\"https:\/\/streetpower-rekond.se\/newsite\/en\/brand\/liquid-elements-polermaskiner\/\" title=\"Liquid Elements Polermaskiner\">\r\n\r\n\t\t\t\t\t\t\t\t<img loading=\"lazy\" decoding=\"async\" width=\"200\" height=\"200\" src=\"https:\/\/streetpower-rekond.se\/newsite\/wp-content\/uploads\/2025\/03\/48-small_default.jpg\" class=\"\" alt=\"\" srcset=\"https:\/\/streetpower-rekond.se\/newsite\/wp-content\/uploads\/2025\/03\/48-small_default.jpg 200w, https:\/\/streetpower-rekond.se\/newsite\/wp-content\/uploads\/2025\/03\/48-small_default-100x100.jpg 100w, https:\/\/streetpower-rekond.se\/newsite\/wp-content\/uploads\/2025\/03\/48-small_default-150x150.jpg 150w, https:\/\/streetpower-rekond.se\/newsite\/wp-content\/uploads\/2025\/03\/48-small_default-12x12.jpg 12w, https:\/\/streetpower-rekond.se\/newsite\/wp-content\/uploads\/2025\/03\/48-small_default-1x1.jpg 1w, https:\/\/streetpower-rekond.se\/newsite\/wp-content\/uploads\/2025\/03\/48-small_default-10x10.jpg 10w\" sizes=\"(max-width: 200px) 100vw, 200px\" title=\"\">\r\n                            <\/a>\r\n\r\n\t\t\t\t\t\t\r\n                            <\/div>\r\n                            <\/div>\r\n\t\t\t\t\t\t\t\r\n                    <\/div>\r\n\t\t\t\t\t\r\n                <\/div>\r\n\r\n\t\t\t\t            <\/div>\r\n\r\n\t\t\t\t\t\t<\/div>\n\t\t\t\t<\/div>\n\t\t\t\t\t<\/div>\n\t\t<\/div>\n\t\t\t\t\t<\/div>\n\t\t<\/section>\n\t\t\t\t<\/div>","protected":false},"excerpt":{"rendered":"<p>Om oss Streetpower-rekond Uppt\u00e4ck passionen och expertisen bakom Streetpower rekord \u2013 grundades v\u00e5ren 2003 i \u00a0Olofstr\u00f6m, Blekinge. Med \u00f6ver tv\u00e5 decennier av erfarenhet inom bilv\u00e5rd&#8230;<\/p>","protected":false},"author":4661,"featured_media":0,"parent":0,"menu_order":0,"comment_status":"closed","ping_status":"closed","template":"","meta":{"footnotes":""},"class_list":["post-22565","page","type-page","status-publish","hentry"],"_links":{"self":[{"href":"https:\/\/streetpower-rekond.se\/newsite\/en\/wp-json\/wp\/v2\/pages\/22565","targetHints":{"allow":["GET"]}}],"collection":[{"href":"https:\/\/streetpower-rekond.se\/newsite\/en\/wp-json\/wp\/v2\/pages"}],"about":[{"href":"https:\/\/streetpower-rekond.se\/newsite\/en\/wp-json\/wp\/v2\/types\/page"}],"author":[{"embeddable":true,"href":"https:\/\/streetpower-rekond.se\/newsite\/en\/wp-json\/wp\/v2\/users\/4661"}],"replies":[{"embeddable":true,"href":"https:\/\/streetpower-rekond.se\/newsite\/en\/wp-json\/wp\/v2\/comments?post=22565"}],"version-history":[{"count":22,"href":"https:\/\/streetpower-rekond.se\/newsite\/en\/wp-json\/wp\/v2\/pages\/22565\/revisions"}],"predecessor-version":[{"id":22845,"href":"https:\/\/streetpower-rekond.se\/newsite\/en\/wp-json\/wp\/v2\/pages\/22565\/revisions\/22845"}],"wp:attachment":[{"href":"https:\/\/streetpower-rekond.se\/newsite\/en\/wp-json\/wp\/v2\/media?parent=22565"}],"curies":[{"name":"wp","href":"https:\/\/api.w.org\/{rel}","templated":true}]}}