{"id":22561,"date":"2025-03-22T08:45:16","date_gmt":"2025-03-22T08:45:16","guid":{"rendered":"https:\/\/streetpower-rekond.se\/newsite\/?page_id=22561"},"modified":"2025-03-22T14:20:16","modified_gmt":"2025-03-22T14:20:16","slug":"lagershop","status":"publish","type":"page","link":"https:\/\/streetpower-rekond.se\/newsite\/en\/lagershop\/","title":{"rendered":"Lagershop"},"content":{"rendered":"<div data-elementor-type=\"wp-page\" data-elementor-id=\"22561\" class=\"elementor elementor-22561\" data-elementor-post-type=\"page\">\n\t\t\t\t<div class=\"elementor-element elementor-element-7de471a e-flex e-con-boxed e-con e-parent\" data-id=\"7de471a\" data-element_type=\"container\" data-e-type=\"container\">\n\t\t\t\t\t<div class=\"e-con-inner\">\n\t\t\t\t<div class=\"elementor-element elementor-element-ded0627 elementor-widget elementor-widget-heading\" data-id=\"ded0627\" data-element_type=\"widget\" data-e-type=\"widget\" data-widget_type=\"heading.default\">\n\t\t\t\t<div class=\"elementor-widget-container\">\n\t\t\t\t\t<h2 class=\"elementor-heading-title elementor-size-default\"> Lagershop<\/h2>\t\t\t\t<\/div>\n\t\t\t\t<\/div>\n\t\t\t\t<div class=\"elementor-element elementor-element-a7c856f elementor-widget elementor-widget-text-editor\" data-id=\"a7c856f\" data-element_type=\"widget\" data-e-type=\"widget\" data-widget_type=\"text-editor.default\">\n\t\t\t\t<div class=\"elementor-widget-container\">\n\t\t\t\t\t\t\t\t\t<p>V\u00e4lkommen till Lagershop \u2013 din lokala butik f\u00f6r alla dina behov! Oavsett om du vill handla, titta runt eller har fr\u00e5gor, \u00e4r vi h\u00e4r f\u00f6r att assistera dig. Lagershopen har \u00f6ppet m\u00e5ndag till fredag mellan 09:00-17:00, och vi rekommenderar att du ringer oss p\u00e5 070-9430010 f\u00f6r att s\u00e4kerst\u00e4lla att n\u00e5gon alltid \u00e4r p\u00e5 plats. Varf\u00f6r v\u00e4lja Lagershop? H\u00e4r erbjuds ett brett utbud av kvalitetsprodukter till konkurrenskraftiga priser. V\u00e5rt kunniga team st\u00e5r redo att hj\u00e4lpa dig med tips och r\u00e5d, s\u00e5 att du kan g\u00f6ra smarta val direkt i butiken. F\u00f6rb\u00e4ttra din shoppingupplevelse och ta del av v\u00e5r personliga service \u2013 kom in till Lagershop idag! Vi ser fram emot ditt bes\u00f6k!<\/p>\t\t\t\t\t\t\t\t<\/div>\n\t\t\t\t<\/div>\n\t\t\t\t\t<\/div>\n\t\t\t\t<\/div>\n\t\t\t\t<\/div>","protected":false},"excerpt":{"rendered":"<p>Lagershop V\u00e4lkommen till Lagershop \u2013 din lokala butik f\u00f6r alla dina behov! Oavsett om du vill handla, titta runt eller har fr\u00e5gor, \u00e4r vi h\u00e4r&#8230;<\/p>","protected":false},"author":4661,"featured_media":0,"parent":0,"menu_order":0,"comment_status":"closed","ping_status":"closed","template":"","meta":{"footnotes":""},"class_list":["post-22561","page","type-page","status-publish","hentry"],"_links":{"self":[{"href":"https:\/\/streetpower-rekond.se\/newsite\/en\/wp-json\/wp\/v2\/pages\/22561","targetHints":{"allow":["GET"]}}],"collection":[{"href":"https:\/\/streetpower-rekond.se\/newsite\/en\/wp-json\/wp\/v2\/pages"}],"about":[{"href":"https:\/\/streetpower-rekond.se\/newsite\/en\/wp-json\/wp\/v2\/types\/page"}],"author":[{"embeddable":true,"href":"https:\/\/streetpower-rekond.se\/newsite\/en\/wp-json\/wp\/v2\/users\/4661"}],"replies":[{"embeddable":true,"href":"https:\/\/streetpower-rekond.se\/newsite\/en\/wp-json\/wp\/v2\/comments?post=22561"}],"version-history":[{"count":7,"href":"https:\/\/streetpower-rekond.se\/newsite\/en\/wp-json\/wp\/v2\/pages\/22561\/revisions"}],"predecessor-version":[{"id":22686,"href":"https:\/\/streetpower-rekond.se\/newsite\/en\/wp-json\/wp\/v2\/pages\/22561\/revisions\/22686"}],"wp:attachment":[{"href":"https:\/\/streetpower-rekond.se\/newsite\/en\/wp-json\/wp\/v2\/media?parent=22561"}],"curies":[{"name":"wp","href":"https:\/\/api.w.org\/{rel}","templated":true}]}}